{"id":92,"date":"2024-08-27T15:47:23","date_gmt":"2024-08-27T13:47:23","guid":{"rendered":"http:\/\/85.10.155.125\/~watacc\/?page_id=92"},"modified":"2025-10-29T16:00:57","modified_gmt":"2025-10-29T15:00:57","slug":"belastingadviseur","status":"publish","type":"page","link":"https:\/\/www.watacc.nl\/es\/vacatures\/belastingadviseur\/","title":{"rendered":"Asesor fiscal"},"content":{"rendered":"<div id=\"cs-content\" class=\"cs-content\"><div class=\"x-section e92-e1 m2k-0\"><div class=\"x-row e92-e2 m2k-1 m2k-2 m2k-3 m2k-6 m2k-7\"><div class=\"x-row-inner\"><div class=\"x-col e92-e3 m2k-b m2k-c m2k-d\"><h1  class=\"h-custom-headline h3\" style=\"color: #006e78;margin-top:0px;\"><span>Asesor fiscal<\/span><\/h1><ul id=\"\" class=\"x-ul-icons\" style=\"\" ><li id=\"\" class=\"x-li-icon\" style=\"margin-bottom:-20px;\" ><i class=\"x-icon-calendar-clock\" aria-hidden=\"true\" style=\"color: #016f79;\" data-x-icon-s=\"&#xe0d2;\" ><\/i>24 - 40 uur per week<\/li><\/ul><\/div><div class=\"x-col e92-e7 m2k-b m2k-d m2k-e\"><a  class=\"x-btn x-btn-global\"  href=\"mailto:info@watacc.nl?subject=Sollicitatie Belastingadviseur\"  target=\"_blank\" rel=\"noopener noreferrer\"   data-options=\"thumbnail: ''\">Solicitar directamente<\/a><\/div><\/div><\/div><div class=\"x-row e92-e9 m2k-1 m2k-2 m2k-4 m2k-6 m2k-8\"><div class=\"x-row-inner\"><div class=\"x-col e92-e10 m2k-d m2k-f m2k-g\"><h1  class=\"h-custom-headline h5\" style=\"color: #006e78;margin-top:0px;\"><span>Funci\u00f3n<\/span><\/h1><div id=\"\" class=\"x-text\" style=\"\" ><p><em>Samen werkt beter \u2013 en dat merk je bij ons elke dag<\/em><\/p>\n<p>Wij zijn op zoek naar een ervaren, enthousiaste, gedreven en klantgerichte belastingadviseur met teamspirit. Zoek jij een nieuwe uitdaging waarin je jouw kennis en expertise kunt toepassen om onze klanten te ondersteunen bij hun fiscale vraagstukken? Dan is deze vacature als belastingadviseur iets voor jou! In deze rol ben jij bij ons verantwoordelijk voor het adviseren van onze klanten. Je werkt nauw samen met jouw team en je hebt een breed takenpakket.<\/p>\n<\/div><\/div><\/div><\/div><div class=\"x-row e92-e13 m2k-1 m2k-5 m2k-6 m2k-9\"><div class=\"x-row-inner\"><div class=\"x-col e92-e14 m2k-d m2k-f m2k-g\"><h1  class=\"h-custom-headline h5\" style=\"color: #006e78;margin-top:0px;\"><span>Wat ga je doen?<\/span><\/h1><div id=\"\" class=\"x-text\" style=\"\" ><ul>\n<li>Het geven van deskundig advies aan klanten over complexe fiscale vraagstukken<\/li>\n<li>Preparaci\u00f3n y auditor\u00eda de declaraciones fiscales y revisi\u00f3n fiscal de estados financieros.<\/li>\n<li>Identificar y anticipar oportunidades y riesgos fiscales para los clientes.<\/li>\n<li>Het onderhouden van contacten met de belastingdienst en andere externe partijen<\/li>\n<li>Asistencia y asesoramiento a clientes en auditor\u00edas y litigios fiscales.<\/li>\n<\/ul>\n<\/div><\/div><\/div><\/div><div class=\"x-row e92-e17 m2k-1 m2k-5 m2k-6 m2k-a\"><div class=\"x-row-inner\"><div class=\"x-col e92-e18 m2k-d m2k-f m2k-h\"><h1  class=\"h-custom-headline h5\" style=\"color: #006e78;margin-top:0px;\"><span>Wat breng jij mee?<\/span><\/h1><div id=\"\" class=\"x-text\" style=\"\" ><ul>\n<li>HBO werk- en denkniveau of afgeronde Hbo-opleiding fiscale economie of fiscaal recht.<\/li>\n<li>Relevante werkervaring als belastingadviseur bij een accountants- of belastingadvieskantoor. Heb jij minder ervaring maar wel de juiste instelling? Solliciteer dan ook!<\/li>\n<li>Conocimiento actualizado de las leyes y normativas fiscales y experiencia en su aplicaci\u00f3n.<\/li>\n<li>Uitstekende analytische en communicatieve vaardigheden<\/li>\n<li>Actitud flexible, orientada al cliente y proactiva.<\/li>\n<li>Esp\u00edritu de equipo y capacidad para trabajar bien en equipo.<\/li>\n<li>Est\u00e1 disponible un m\u00ednimo de 24 horas a la semana.<\/li>\n<\/ul>\n<\/div><h1  class=\"h-custom-headline h5\" style=\"color: #006e78;margin-top:0px;\"><span>Wat bieden wij jou?<\/span><\/h1><div id=\"\" class=\"x-text\" style=\"\" ><ul>\n<li>Een prettige werkplek in een modern, licht kantoor met een collegiale sfeer.<\/li>\n<li>Een team waarin je je snel thuis voelt \u2013 professioneel, betrokken en behulpzaam.<\/li>\n<li>Een gezonde balans tussen werk en priv\u00e9. Overwerken is bij ons eerder uitzondering dan regel.<\/li>\n<li>Un salario competitivo y buenas prestaciones complementarias.<\/li>\n<li>33 vakantiedagen op fulltime basis.<\/li>\n<li>Thuiswerkvergoeding en een telefoonvergoeding.<\/li>\n<li>Mogelijkheid tot fitness en padel via de werkgever.<\/li>\n<li>Regelmatig leuke teamuitjes.<\/li>\n<li>Volop ruimte om jezelf te ontwikkelen via opleidingen en trainingen.<\/li>\n<li>De mogelijkheid om mede-eigenaar te worden via onze participatieregeling \u201csamen werkt beter\u201d.<\/li>\n<li>Een afwisselende functie waarin jouw idee\u00ebn en initiatief op prijs worden gesteld.<\/li>\n<\/ul>\n<\/div><h1  class=\"h-custom-headline h5\" style=\"color: #016f79;margin-top:0px;\"><span>Klaar voor een nieuwe stap?<\/span><\/h1><div id=\"\" class=\"x-text\" style=\"\" ><p>Of je nu al jaren ervaring hebt of aan het begin staat van je carri\u00e8re: bij Waterland Accountants krijg je de ruimte om te groeien, samen te werken en impact te maken. Solliciteer direct of neem contact met ons op voor meer informatie.<\/p>\n<p>Stuur je sollicitatie met CV\/motivatie naar <a href=\"mailto:info@watacc.nl\">info@watacc.nl<\/a> of bel ons op <a href=\"tel:0299 434 561\">0299 \u2013 434 561<\/a> voor meer informatie.<\/p>\n<\/div><a  class=\"x-btn x-btn-global\" style=\"margin-top:0px; margin-bottom:20px;\" href=\"mailto:info@watacc.nl?subject=Sollicitatie Belastingadviseur\"  target=\"_blank\" rel=\"noopener noreferrer\"   data-options=\"thumbnail: ''\">Solicitar directamente<\/a><div id=\"\" class=\"x-text\" style=\"\" ><p><strong>Waterland Accountants &amp; Adviseurs \u2013 samen werkt beter<\/strong><\/p>\n<\/div><\/div><\/div><\/div><\/div><\/div>","protected":false},"excerpt":{"rendered":"<p>Belastingadviseur24 &#8211; 40 uur per weekSolliciteer directFunctieSamen werkt beter \u2013 en dat merk je bij ons elke dag Wij zijn op zoek naar een ervaren, enthousiaste, gedreven en klantgerichte belastingadviseur met teamspirit. Zoek jij een nieuwe uitdaging waarin je jouw kennis en expertise kunt toepassen om onze klanten te ondersteunen bij hun fiscale vraagstukken? Dan is deze vacature als belastingadviseur &#8230; <\/p>\n<div><a href=\"https:\/\/www.watacc.nl\/es\/vacatures\/belastingadviseur\/\" class=\"more-link\">Seguir leyendo<\/a><\/div>","protected":false},"author":2,"featured_media":0,"parent":87,"menu_order":0,"comment_status":"closed","ping_status":"closed","template":"template-blank-4.php","meta":{"footnotes":""},"class_list":["post-92","page","type-page","status-publish","hentry","no-post-thumbnail"],"yoast_head":"<!-- This site is optimized with the Yoast SEO plugin v27.3 - https:\/\/yoast.com\/product\/yoast-seo-wordpress\/ -->\n<title>Belastingadviseur - Waterland Accountants &amp; Adviseurs<\/title>\n<meta name=\"robots\" content=\"index, follow, max-snippet:-1, max-image-preview:large, max-video-preview:-1\" \/>\n<link rel=\"canonical\" href=\"https:\/\/www.watacc.nl\/es\/vacatures\/belastingadviseur\/\" \/>\n<meta property=\"og:locale\" content=\"es_ES\" \/>\n<meta property=\"og:type\" content=\"article\" \/>\n<meta property=\"og:title\" content=\"Belastingadviseur - Waterland Accountants &amp; Adviseurs\" \/>\n<meta property=\"og:description\" content=\"Belastingadviseur24 - 40 uur per weekSolliciteer directFunctieSamen werkt beter \u2013 en dat merk je bij ons elke dag Wij zijn op zoek naar een ervaren, enthousiaste, gedreven en klantgerichte belastingadviseur met teamspirit. Zoek jij een nieuwe uitdaging waarin je jouw kennis en expertise kunt toepassen om onze klanten te ondersteunen bij hun fiscale vraagstukken? Dan is deze vacature als belastingadviseur ... Read More\" \/>\n<meta property=\"og:url\" content=\"https:\/\/www.watacc.nl\/es\/vacatures\/belastingadviseur\/\" \/>\n<meta property=\"og:site_name\" content=\"Waterland Accountants &amp; Adviseurs\" \/>\n<meta property=\"article:modified_time\" content=\"2025-10-29T15:00:57+00:00\" \/>\n<meta name=\"twitter:card\" content=\"summary_large_image\" \/>\n<meta name=\"twitter:label1\" content=\"Tiempo de lectura\" \/>\n\t<meta name=\"twitter:data1\" content=\"4 minutos\" \/>\n<script type=\"application\/ld+json\" class=\"yoast-schema-graph\">{\"@context\":\"https:\\\/\\\/schema.org\",\"@graph\":[{\"@type\":\"WebPage\",\"@id\":\"https:\\\/\\\/www.watacc.nl\\\/vacatures\\\/belastingadviseur\\\/\",\"url\":\"https:\\\/\\\/www.watacc.nl\\\/vacatures\\\/belastingadviseur\\\/\",\"name\":\"Belastingadviseur - Waterland Accountants &amp; Adviseurs\",\"isPartOf\":{\"@id\":\"https:\\\/\\\/www.watacc.nl\\\/#website\"},\"datePublished\":\"2024-08-27T13:47:23+00:00\",\"dateModified\":\"2025-10-29T15:00:57+00:00\",\"breadcrumb\":{\"@id\":\"https:\\\/\\\/www.watacc.nl\\\/vacatures\\\/belastingadviseur\\\/#breadcrumb\"},\"inLanguage\":\"es\",\"potentialAction\":[{\"@type\":\"ReadAction\",\"target\":[\"https:\\\/\\\/www.watacc.nl\\\/vacatures\\\/belastingadviseur\\\/\"]}]},{\"@type\":\"BreadcrumbList\",\"@id\":\"https:\\\/\\\/www.watacc.nl\\\/vacatures\\\/belastingadviseur\\\/#breadcrumb\",\"itemListElement\":[{\"@type\":\"ListItem\",\"position\":1,\"name\":\"Home\",\"item\":\"https:\\\/\\\/www.watacc.nl\\\/\"},{\"@type\":\"ListItem\",\"position\":2,\"name\":\"Vacatures\",\"item\":\"https:\\\/\\\/www.watacc.nl\\\/vacatures\\\/\"},{\"@type\":\"ListItem\",\"position\":3,\"name\":\"Belastingadviseur\"}]},{\"@type\":\"WebSite\",\"@id\":\"https:\\\/\\\/www.watacc.nl\\\/#website\",\"url\":\"https:\\\/\\\/www.watacc.nl\\\/\",\"name\":\"Waterland Accountants & Adviseurs\",\"description\":\"Samen werkt beter!\",\"publisher\":{\"@id\":\"https:\\\/\\\/www.watacc.nl\\\/#organization\"},\"potentialAction\":[{\"@type\":\"SearchAction\",\"target\":{\"@type\":\"EntryPoint\",\"urlTemplate\":\"https:\\\/\\\/www.watacc.nl\\\/?s={search_term_string}\"},\"query-input\":{\"@type\":\"PropertyValueSpecification\",\"valueRequired\":true,\"valueName\":\"search_term_string\"}}],\"inLanguage\":\"es\"},{\"@type\":\"Organization\",\"@id\":\"https:\\\/\\\/www.watacc.nl\\\/#organization\",\"name\":\"Waterland Accountants & Adviseurs\",\"url\":\"https:\\\/\\\/www.watacc.nl\\\/\",\"logo\":{\"@type\":\"ImageObject\",\"inLanguage\":\"es\",\"@id\":\"https:\\\/\\\/www.watacc.nl\\\/#\\\/schema\\\/logo\\\/image\\\/\",\"url\":\"https:\\\/\\\/www.watacc.nl\\\/wp-content\\\/uploads\\\/2024\\\/08\\\/Waterland-accountants-adviseurs-logo-donker.png\",\"contentUrl\":\"https:\\\/\\\/www.watacc.nl\\\/wp-content\\\/uploads\\\/2024\\\/08\\\/Waterland-accountants-adviseurs-logo-donker.png\",\"width\":600,\"height\":180,\"caption\":\"Waterland Accountants & Adviseurs\"},\"image\":{\"@id\":\"https:\\\/\\\/www.watacc.nl\\\/#\\\/schema\\\/logo\\\/image\\\/\"}}]}<\/script>\n<!-- \/ Yoast SEO plugin. -->","yoast_head_json":{"title":"Belastingadviseur - Waterland Accountants &amp; Adviseurs","robots":{"index":"index","follow":"follow","max-snippet":"max-snippet:-1","max-image-preview":"max-image-preview:large","max-video-preview":"max-video-preview:-1"},"canonical":"https:\/\/www.watacc.nl\/es\/vacatures\/belastingadviseur\/","og_locale":"es_ES","og_type":"article","og_title":"Belastingadviseur - Waterland Accountants &amp; Adviseurs","og_description":"Belastingadviseur24 - 40 uur per weekSolliciteer directFunctieSamen werkt beter \u2013 en dat merk je bij ons elke dag Wij zijn op zoek naar een ervaren, enthousiaste, gedreven en klantgerichte belastingadviseur met teamspirit. Zoek jij een nieuwe uitdaging waarin je jouw kennis en expertise kunt toepassen om onze klanten te ondersteunen bij hun fiscale vraagstukken? Dan is deze vacature als belastingadviseur ... Read More","og_url":"https:\/\/www.watacc.nl\/es\/vacatures\/belastingadviseur\/","og_site_name":"Waterland Accountants &amp; Adviseurs","article_modified_time":"2025-10-29T15:00:57+00:00","twitter_card":"summary_large_image","twitter_misc":{"Tiempo de lectura":"4 minutos"},"schema":{"@context":"https:\/\/schema.org","@graph":[{"@type":"WebPage","@id":"https:\/\/www.watacc.nl\/vacatures\/belastingadviseur\/","url":"https:\/\/www.watacc.nl\/vacatures\/belastingadviseur\/","name":"Belastingadviseur - Waterland Accountants &amp; Adviseurs","isPartOf":{"@id":"https:\/\/www.watacc.nl\/#website"},"datePublished":"2024-08-27T13:47:23+00:00","dateModified":"2025-10-29T15:00:57+00:00","breadcrumb":{"@id":"https:\/\/www.watacc.nl\/vacatures\/belastingadviseur\/#breadcrumb"},"inLanguage":"es","potentialAction":[{"@type":"ReadAction","target":["https:\/\/www.watacc.nl\/vacatures\/belastingadviseur\/"]}]},{"@type":"BreadcrumbList","@id":"https:\/\/www.watacc.nl\/vacatures\/belastingadviseur\/#breadcrumb","itemListElement":[{"@type":"ListItem","position":1,"name":"Home","item":"https:\/\/www.watacc.nl\/"},{"@type":"ListItem","position":2,"name":"Vacatures","item":"https:\/\/www.watacc.nl\/vacatures\/"},{"@type":"ListItem","position":3,"name":"Belastingadviseur"}]},{"@type":"WebSite","@id":"https:\/\/www.watacc.nl\/#website","url":"https:\/\/www.watacc.nl\/","name":"Waterland Contables y Asesores","description":"Juntos funciona mejor.","publisher":{"@id":"https:\/\/www.watacc.nl\/#organization"},"potentialAction":[{"@type":"SearchAction","target":{"@type":"EntryPoint","urlTemplate":"https:\/\/www.watacc.nl\/?s={search_term_string}"},"query-input":{"@type":"PropertyValueSpecification","valueRequired":true,"valueName":"search_term_string"}}],"inLanguage":"es"},{"@type":"Organization","@id":"https:\/\/www.watacc.nl\/#organization","name":"Waterland Contables y Asesores","url":"https:\/\/www.watacc.nl\/","logo":{"@type":"ImageObject","inLanguage":"es","@id":"https:\/\/www.watacc.nl\/#\/schema\/logo\/image\/","url":"https:\/\/www.watacc.nl\/wp-content\/uploads\/2024\/08\/Waterland-accountants-adviseurs-logo-donker.png","contentUrl":"https:\/\/www.watacc.nl\/wp-content\/uploads\/2024\/08\/Waterland-accountants-adviseurs-logo-donker.png","width":600,"height":180,"caption":"Waterland Accountants & Adviseurs"},"image":{"@id":"https:\/\/www.watacc.nl\/#\/schema\/logo\/image\/"}}]}},"_links":{"self":[{"href":"https:\/\/www.watacc.nl\/es\/wp-json\/wp\/v2\/pages\/92","targetHints":{"allow":["GET"]}}],"collection":[{"href":"https:\/\/www.watacc.nl\/es\/wp-json\/wp\/v2\/pages"}],"about":[{"href":"https:\/\/www.watacc.nl\/es\/wp-json\/wp\/v2\/types\/page"}],"author":[{"embeddable":true,"href":"https:\/\/www.watacc.nl\/es\/wp-json\/wp\/v2\/users\/2"}],"replies":[{"embeddable":true,"href":"https:\/\/www.watacc.nl\/es\/wp-json\/wp\/v2\/comments?post=92"}],"version-history":[{"count":36,"href":"https:\/\/www.watacc.nl\/es\/wp-json\/wp\/v2\/pages\/92\/revisions"}],"predecessor-version":[{"id":954,"href":"https:\/\/www.watacc.nl\/es\/wp-json\/wp\/v2\/pages\/92\/revisions\/954"}],"up":[{"embeddable":true,"href":"https:\/\/www.watacc.nl\/es\/wp-json\/wp\/v2\/pages\/87"}],"wp:attachment":[{"href":"https:\/\/www.watacc.nl\/es\/wp-json\/wp\/v2\/media?parent=92"}],"curies":[{"name":"wp","href":"https:\/\/api.w.org\/{rel}","templated":true}]}}