{"id":77,"date":"2024-08-27T15:47:24","date_gmt":"2024-08-27T13:47:24","guid":{"rendered":"http:\/\/85.10.155.125\/~watacc\/?page_id=77"},"modified":"2024-09-10T10:24:58","modified_gmt":"2024-09-10T08:24:58","slug":"over-ons","status":"publish","type":"page","link":"https:\/\/www.watacc.nl\/es\/over-ons\/","title":{"rendered":"Qui\u00e9nes somos"},"content":{"rendered":"<div id=\"cs-content\" class=\"cs-content\"><div class=\"x-section e77-e1 m25-0\"><div class=\"x-row e77-e2 m25-1 m25-2\"><div class=\"x-row-inner\"><div class=\"x-col e77-e3 m25-3\"><h1  class=\"h-custom-headline h3\" style=\"color: #006e78;margin-top:0px;\"><span>Acerca de Waterland Accountants &amp; Advisors<\/span><\/h1><div  class=\"x-columnize\" style=\"margin-top:20px;\"><p>\u00bfContratar a un contable? Facilita mucho los negocios. Tambi\u00e9n ahorra mucho tiempo. Los profesionales de Waterland Accountants est\u00e1n preparados para ayudarle. Quit\u00e1ndose la contabilidad de encima, podr\u00e1 dedicar mucho mejor su valioso tiempo.<\/p>\n\n<h5 style=\"margin: 0px; color: #006e78;\">Evitar turbulencias financieras<\/h5>\n<p>Tranquilidad financiera. \u00bfQu\u00e9 empresario no quiere eso? No tener que preocuparse por los n\u00fameros. Entonces los contables y tenedores de libros de Waterland Accountants est\u00e1n aqu\u00ed para usted. Creamos paz y tranquilidad para los empresarios, para que puedan hacer lo que mejor saben hacer: negocios. Junto con empresarios de la regi\u00f3n, llevamos muchos a\u00f1os trabajando en el crecimiento empresarial. Mediante una administraci\u00f3n precisa y un asesoramiento financiero y empresarial adecuado, estimulamos la eficiencia dentro de su empresa y proporcionamos una visi\u00f3n de sus planes futuros a trav\u00e9s de previsiones e informes de gesti\u00f3n. Desde la administraci\u00f3n de n\u00f3minas hasta el an\u00e1lisis de riesgos y desde el asesoramiento sobre adquisiciones hasta las declaraciones fiscales: le ayudamos en lo que podemos. A veces de forma no solicitada, porque al igual que usted, no nos cruzamos de brazos, sino que buscamos proactivamente oportunidades para usted como PYME o aut\u00f3nomo.<\/p>\n\n<h5 style=\"margin: 0px; color: #006e78;\">Nuestra empresa de contabilidad le ayuda a<\/h5>\n<p>Para lograrlo, ofrecemos servicios m\u00e1s amplios que los del contable al uso. Por ejemplo, tenemos asesores que lo saben todo sobre planificaci\u00f3n financiera, an\u00e1lisis de riesgos y estrategia empresarial. Pero vamos m\u00e1s all\u00e1. Con un Business Coach. Con experiencia en gesti\u00f3n y marketing. Para que los empresarios sean a\u00fan mejores en los negocios. Y, por supuesto, tambi\u00e9n nos ocupamos de la contabilidad, las n\u00f3minas y el asesoramiento fiscal. Pero eso no hace falta decirlo. Como nos centramos en sus asuntos financieros, podr\u00e1 volver a dedicar su tiempo de forma eficiente a su negocio. Venga a tomar un caf\u00e9 con nosotros. Despu\u00e9s de todo, nuestra empresa de contabilidad est\u00e1 aqu\u00ed para usted.<\/p>\n\n<h5 style=\"margin: 0px; color: #006e78;\">\u00bfSe busca contable, contable o tutor?<\/h5>\n<p>Estamos aqu\u00ed para todos los empresarios, grandes y peque\u00f1os. Por ejemplo, \u00bfes usted aut\u00f3nomo y busca un contable que se ocupe de sus asuntos administrativos y fiscales? Estaremos encantados de ayudarle. \u00bfO busca un contable cualificado que le prepare las cuentas anuales? Lo ha adivinado: tambi\u00e9n puede acudir a nosotros para eso. \u00bfTiene alguna pregunta financiera, fiscal o empresarial? P\u00f3ngase en contacto con nosotros sin compromiso.<\/p>\n<\/div><\/div><\/div><\/div><\/div><\/div>","protected":false},"excerpt":{"rendered":"<p>Over Waterland Accountants &#038; AdviseursEen accountant inschakelen? Dat maakt ondernemen wel zo makkelijk. Het scheelt ook nog eens ontzettend veel tijd. De professionals van Waterland Accountants staan graag voor je klaar. Door jou de accountancy uit handen te nemen, kun jij jouw kostbare tijd veel beter besteden. Voorkom financi\u00eble onrust Financi\u00eble rust. Welke ondernemer wil dat niet? Je geen zorgen &#8230; <\/p>\n<div><a href=\"https:\/\/www.watacc.nl\/es\/over-ons\/\" class=\"more-link\">Seguir leyendo<\/a><\/div>","protected":false},"author":2,"featured_media":0,"parent":0,"menu_order":0,"comment_status":"closed","ping_status":"closed","template":"template-blank-4.php","meta":{"rs_blank_template":"","rs_page_bg_color":"","slide_template_v7":"","footnotes":""},"class_list":["post-77","page","type-page","status-publish","hentry","no-post-thumbnail"],"yoast_head":"<!-- This site is optimized with the Yoast SEO plugin v27.5 - https:\/\/yoast.com\/product\/yoast-seo-wordpress\/ -->\n<title>Over ons - Waterland Accountants &amp; Adviseurs<\/title>\n<meta name=\"robots\" content=\"index, follow, max-snippet:-1, max-image-preview:large, max-video-preview:-1\" \/>\n<link rel=\"canonical\" href=\"https:\/\/www.watacc.nl\/es\/over-ons\/\" \/>\n<meta property=\"og:locale\" content=\"es_ES\" \/>\n<meta property=\"og:type\" content=\"article\" \/>\n<meta property=\"og:title\" content=\"Over ons - Waterland Accountants &amp; Adviseurs\" \/>\n<meta property=\"og:description\" content=\"Over Waterland Accountants &amp; AdviseursEen accountant inschakelen? Dat maakt ondernemen wel zo makkelijk. Het scheelt ook nog eens ontzettend veel tijd. De professionals van Waterland Accountants staan graag voor je klaar. Door jou de accountancy uit handen te nemen, kun jij jouw kostbare tijd veel beter besteden. Voorkom financi\u00eble onrust Financi\u00eble rust. Welke ondernemer wil dat niet? Je geen zorgen ... Read More\" \/>\n<meta property=\"og:url\" content=\"https:\/\/www.watacc.nl\/es\/over-ons\/\" \/>\n<meta property=\"og:site_name\" content=\"Waterland Accountants &amp; Adviseurs\" \/>\n<meta property=\"article:modified_time\" content=\"2024-09-10T08:24:58+00:00\" \/>\n<meta name=\"twitter:card\" content=\"summary_large_image\" \/>\n<meta name=\"twitter:label1\" content=\"Tiempo de lectura\" \/>\n\t<meta name=\"twitter:data1\" content=\"2 minutos\" \/>\n<script type=\"application\/ld+json\" class=\"yoast-schema-graph\">{\"@context\":\"https:\\\/\\\/schema.org\",\"@graph\":[{\"@type\":\"WebPage\",\"@id\":\"https:\\\/\\\/www.watacc.nl\\\/over-ons\\\/\",\"url\":\"https:\\\/\\\/www.watacc.nl\\\/over-ons\\\/\",\"name\":\"Over ons - Waterland Accountants &amp; Adviseurs\",\"isPartOf\":{\"@id\":\"https:\\\/\\\/www.watacc.nl\\\/#website\"},\"datePublished\":\"2024-08-27T13:47:24+00:00\",\"dateModified\":\"2024-09-10T08:24:58+00:00\",\"breadcrumb\":{\"@id\":\"https:\\\/\\\/www.watacc.nl\\\/over-ons\\\/#breadcrumb\"},\"inLanguage\":\"es\",\"potentialAction\":[{\"@type\":\"ReadAction\",\"target\":[\"https:\\\/\\\/www.watacc.nl\\\/over-ons\\\/\"]}]},{\"@type\":\"BreadcrumbList\",\"@id\":\"https:\\\/\\\/www.watacc.nl\\\/over-ons\\\/#breadcrumb\",\"itemListElement\":[{\"@type\":\"ListItem\",\"position\":1,\"name\":\"Home\",\"item\":\"https:\\\/\\\/www.watacc.nl\\\/\"},{\"@type\":\"ListItem\",\"position\":2,\"name\":\"Over ons\"}]},{\"@type\":\"WebSite\",\"@id\":\"https:\\\/\\\/www.watacc.nl\\\/#website\",\"url\":\"https:\\\/\\\/www.watacc.nl\\\/\",\"name\":\"Waterland Accountants & Adviseurs\",\"description\":\"Samen werkt beter!\",\"publisher\":{\"@id\":\"https:\\\/\\\/www.watacc.nl\\\/#organization\"},\"potentialAction\":[{\"@type\":\"SearchAction\",\"target\":{\"@type\":\"EntryPoint\",\"urlTemplate\":\"https:\\\/\\\/www.watacc.nl\\\/?s={search_term_string}\"},\"query-input\":{\"@type\":\"PropertyValueSpecification\",\"valueRequired\":true,\"valueName\":\"search_term_string\"}}],\"inLanguage\":\"es\"},{\"@type\":\"Organization\",\"@id\":\"https:\\\/\\\/www.watacc.nl\\\/#organization\",\"name\":\"Waterland Accountants & Adviseurs\",\"url\":\"https:\\\/\\\/www.watacc.nl\\\/\",\"logo\":{\"@type\":\"ImageObject\",\"inLanguage\":\"es\",\"@id\":\"https:\\\/\\\/www.watacc.nl\\\/#\\\/schema\\\/logo\\\/image\\\/\",\"url\":\"https:\\\/\\\/www.watacc.nl\\\/wp-content\\\/uploads\\\/2024\\\/08\\\/Waterland-accountants-adviseurs-logo-donker.png\",\"contentUrl\":\"https:\\\/\\\/www.watacc.nl\\\/wp-content\\\/uploads\\\/2024\\\/08\\\/Waterland-accountants-adviseurs-logo-donker.png\",\"width\":600,\"height\":180,\"caption\":\"Waterland Accountants & Adviseurs\"},\"image\":{\"@id\":\"https:\\\/\\\/www.watacc.nl\\\/#\\\/schema\\\/logo\\\/image\\\/\"}}]}<\/script>\n<!-- \/ Yoast SEO plugin. -->","yoast_head_json":{"title":"Over ons - Waterland Accountants &amp; Adviseurs","robots":{"index":"index","follow":"follow","max-snippet":"max-snippet:-1","max-image-preview":"max-image-preview:large","max-video-preview":"max-video-preview:-1"},"canonical":"https:\/\/www.watacc.nl\/es\/over-ons\/","og_locale":"es_ES","og_type":"article","og_title":"Over ons - Waterland Accountants &amp; Adviseurs","og_description":"Over Waterland Accountants & AdviseursEen accountant inschakelen? Dat maakt ondernemen wel zo makkelijk. Het scheelt ook nog eens ontzettend veel tijd. De professionals van Waterland Accountants staan graag voor je klaar. Door jou de accountancy uit handen te nemen, kun jij jouw kostbare tijd veel beter besteden. Voorkom financi\u00eble onrust Financi\u00eble rust. Welke ondernemer wil dat niet? Je geen zorgen ... Read More","og_url":"https:\/\/www.watacc.nl\/es\/over-ons\/","og_site_name":"Waterland Accountants &amp; Adviseurs","article_modified_time":"2024-09-10T08:24:58+00:00","twitter_card":"summary_large_image","twitter_misc":{"Tiempo de lectura":"2 minutos"},"schema":{"@context":"https:\/\/schema.org","@graph":[{"@type":"WebPage","@id":"https:\/\/www.watacc.nl\/over-ons\/","url":"https:\/\/www.watacc.nl\/over-ons\/","name":"Over ons - Waterland Accountants &amp; Adviseurs","isPartOf":{"@id":"https:\/\/www.watacc.nl\/#website"},"datePublished":"2024-08-27T13:47:24+00:00","dateModified":"2024-09-10T08:24:58+00:00","breadcrumb":{"@id":"https:\/\/www.watacc.nl\/over-ons\/#breadcrumb"},"inLanguage":"es","potentialAction":[{"@type":"ReadAction","target":["https:\/\/www.watacc.nl\/over-ons\/"]}]},{"@type":"BreadcrumbList","@id":"https:\/\/www.watacc.nl\/over-ons\/#breadcrumb","itemListElement":[{"@type":"ListItem","position":1,"name":"Home","item":"https:\/\/www.watacc.nl\/"},{"@type":"ListItem","position":2,"name":"Over ons"}]},{"@type":"WebSite","@id":"https:\/\/www.watacc.nl\/#website","url":"https:\/\/www.watacc.nl\/","name":"Waterland Contables y Asesores","description":"Juntos funciona mejor.","publisher":{"@id":"https:\/\/www.watacc.nl\/#organization"},"potentialAction":[{"@type":"SearchAction","target":{"@type":"EntryPoint","urlTemplate":"https:\/\/www.watacc.nl\/?s={search_term_string}"},"query-input":{"@type":"PropertyValueSpecification","valueRequired":true,"valueName":"search_term_string"}}],"inLanguage":"es"},{"@type":"Organization","@id":"https:\/\/www.watacc.nl\/#organization","name":"Waterland Contables y Asesores","url":"https:\/\/www.watacc.nl\/","logo":{"@type":"ImageObject","inLanguage":"es","@id":"https:\/\/www.watacc.nl\/#\/schema\/logo\/image\/","url":"https:\/\/www.watacc.nl\/wp-content\/uploads\/2024\/08\/Waterland-accountants-adviseurs-logo-donker.png","contentUrl":"https:\/\/www.watacc.nl\/wp-content\/uploads\/2024\/08\/Waterland-accountants-adviseurs-logo-donker.png","width":600,"height":180,"caption":"Waterland Accountants & Adviseurs"},"image":{"@id":"https:\/\/www.watacc.nl\/#\/schema\/logo\/image\/"}}]}},"_links":{"self":[{"href":"https:\/\/www.watacc.nl\/es\/wp-json\/wp\/v2\/pages\/77","targetHints":{"allow":["GET"]}}],"collection":[{"href":"https:\/\/www.watacc.nl\/es\/wp-json\/wp\/v2\/pages"}],"about":[{"href":"https:\/\/www.watacc.nl\/es\/wp-json\/wp\/v2\/types\/page"}],"author":[{"embeddable":true,"href":"https:\/\/www.watacc.nl\/es\/wp-json\/wp\/v2\/users\/2"}],"replies":[{"embeddable":true,"href":"https:\/\/www.watacc.nl\/es\/wp-json\/wp\/v2\/comments?post=77"}],"version-history":[{"count":4,"href":"https:\/\/www.watacc.nl\/es\/wp-json\/wp\/v2\/pages\/77\/revisions"}],"predecessor-version":[{"id":292,"href":"https:\/\/www.watacc.nl\/es\/wp-json\/wp\/v2\/pages\/77\/revisions\/292"}],"wp:attachment":[{"href":"https:\/\/www.watacc.nl\/es\/wp-json\/wp\/v2\/media?parent=77"}],"curies":[{"name":"wp","href":"https:\/\/api.w.org\/{rel}","templated":true}]}}