{"id":247,"date":"2024-09-03T10:33:25","date_gmt":"2024-09-03T08:33:25","guid":{"rendered":"http:\/\/85.10.155.125\/~watacc\/?page_id=247"},"modified":"2024-09-03T10:33:26","modified_gmt":"2024-09-03T08:33:26","slug":"disclaimer","status":"publish","type":"page","link":"https:\/\/www.watacc.nl\/es\/disclaimer\/","title":{"rendered":"Descargo de responsabilidad"},"content":{"rendered":"<div id=\"cs-content\" class=\"cs-content\"><div class=\"x-section e247-e1 m6v-0\"><div class=\"x-row e247-e2 m6v-1 m6v-2 m6v-3\"><div class=\"x-row-inner\"><div class=\"x-col e247-e3 m6v-5\"><h1  class=\"h-custom-headline h3\" style=\"color: #006e78;margin-top:0px;\"><span>Descargo de responsabilidad<\/span><\/h1><\/div><\/div><\/div><div class=\"x-row e247-e5 m6v-1 m6v-2 m6v-4\"><div class=\"x-row-inner\"><div class=\"x-col e247-e6 m6v-5\"><h1  class=\"h-custom-headline h5\" style=\"color: #006e78;margin-top:20px;\"><span>Correo electr\u00f3nico<\/span><\/h1><div id=\"\" class=\"x-text\" style=\"\" ><p>La informaci\u00f3n contenida en este mensaje est\u00e1 destinada exclusivamente a su destinatario y puede contener datos personales o confidenciales. Si usted no es el destinatario, se le advierte expresamente de que no tiene derecho a tomar nota de su contenido, copiarlo, distribuirlo o comunicarlo a terceros. Si ha recibido este mensaje de correo electr\u00f3nico por error, p\u00f3ngase en contacto con el remitente y elimine el mensaje (incluidos los archivos adjuntos) de su ordenador.<\/p>\n<p>La informaci\u00f3n contenida en este mensaje se dirige exclusivamente a su destinatario y puede contener datos personales o confidenciales. Si usted no es el destinatario, se le informa expresamente de que no est\u00e1 autorizado a tomar conocimiento de su contenido, ni a copiarlo, distribuirlo o divulgarlo a terceros. Si ha recibido este correo electr\u00f3nico por error, notif\u00edquelo al remitente devolvi\u00e9ndoselo y borre el mensaje (incluidos los archivos adjuntos) de su ordenador.<\/p>\n<\/div><\/div><div class=\"x-col e247-e9 m6v-5\"><hr  class=\"x-gap\" style=\"margin: 5px 0 0 0;\"><\/div><\/div><\/div><\/div><\/div>","protected":false},"excerpt":{"rendered":"<p>DisclaimerE-mailDe informatie in dit bericht is uitsluitend bestemd voor de geadresseerde en kan persoonlijke of vertrouwelijke informatie bevatten. Indien u niet de geadresseerde bent, wordt u er uitdrukkelijk op gewezen dat u geen recht hebt om kennis te nemen van de inhoud, deze te kopi\u00ebren, te verspreiden of anderszins aan anderen bekend te maken. Indien u dit e-mailbericht abusievelijk hebt &#8230; <\/p>\n<div><a href=\"https:\/\/www.watacc.nl\/es\/disclaimer\/\" class=\"more-link\">Seguir leyendo<\/a><\/div>","protected":false},"author":2,"featured_media":0,"parent":0,"menu_order":0,"comment_status":"closed","ping_status":"closed","template":"template-blank-4.php","meta":{"rs_blank_template":"","rs_page_bg_color":"","slide_template_v7":"","footnotes":""},"class_list":["post-247","page","type-page","status-publish","hentry","no-post-thumbnail"],"yoast_head":"<!-- This site is optimized with the Yoast SEO plugin v27.5 - https:\/\/yoast.com\/product\/yoast-seo-wordpress\/ -->\n<title>Disclaimer - Waterland Accountants &amp; Adviseurs<\/title>\n<meta name=\"robots\" content=\"index, follow, max-snippet:-1, max-image-preview:large, max-video-preview:-1\" \/>\n<link rel=\"canonical\" href=\"https:\/\/www.watacc.nl\/es\/disclaimer\/\" \/>\n<meta property=\"og:locale\" content=\"es_ES\" \/>\n<meta property=\"og:type\" content=\"article\" \/>\n<meta property=\"og:title\" content=\"Disclaimer - Waterland Accountants &amp; Adviseurs\" \/>\n<meta property=\"og:description\" content=\"DisclaimerE-mailDe informatie in dit bericht is uitsluitend bestemd voor de geadresseerde en kan persoonlijke of vertrouwelijke informatie bevatten. Indien u niet de geadresseerde bent, wordt u er uitdrukkelijk op gewezen dat u geen recht hebt om kennis te nemen van de inhoud, deze te kopi\u00ebren, te verspreiden of anderszins aan anderen bekend te maken. Indien u dit e-mailbericht abusievelijk hebt ... Read More\" \/>\n<meta property=\"og:url\" content=\"https:\/\/www.watacc.nl\/es\/disclaimer\/\" \/>\n<meta property=\"og:site_name\" content=\"Waterland Accountants &amp; Adviseurs\" \/>\n<meta property=\"article:modified_time\" content=\"2024-09-03T08:33:26+00:00\" \/>\n<meta name=\"twitter:card\" content=\"summary_large_image\" \/>\n<meta name=\"twitter:label1\" content=\"Tiempo de lectura\" \/>\n\t<meta name=\"twitter:data1\" content=\"1 minuto\" \/>\n<script type=\"application\/ld+json\" class=\"yoast-schema-graph\">{\"@context\":\"https:\\\/\\\/schema.org\",\"@graph\":[{\"@type\":\"WebPage\",\"@id\":\"https:\\\/\\\/www.watacc.nl\\\/disclaimer\\\/\",\"url\":\"https:\\\/\\\/www.watacc.nl\\\/disclaimer\\\/\",\"name\":\"Disclaimer - Waterland Accountants &amp; Adviseurs\",\"isPartOf\":{\"@id\":\"https:\\\/\\\/www.watacc.nl\\\/#website\"},\"datePublished\":\"2024-09-03T08:33:25+00:00\",\"dateModified\":\"2024-09-03T08:33:26+00:00\",\"breadcrumb\":{\"@id\":\"https:\\\/\\\/www.watacc.nl\\\/disclaimer\\\/#breadcrumb\"},\"inLanguage\":\"es\",\"potentialAction\":[{\"@type\":\"ReadAction\",\"target\":[\"https:\\\/\\\/www.watacc.nl\\\/disclaimer\\\/\"]}]},{\"@type\":\"BreadcrumbList\",\"@id\":\"https:\\\/\\\/www.watacc.nl\\\/disclaimer\\\/#breadcrumb\",\"itemListElement\":[{\"@type\":\"ListItem\",\"position\":1,\"name\":\"Home\",\"item\":\"https:\\\/\\\/www.watacc.nl\\\/\"},{\"@type\":\"ListItem\",\"position\":2,\"name\":\"Disclaimer\"}]},{\"@type\":\"WebSite\",\"@id\":\"https:\\\/\\\/www.watacc.nl\\\/#website\",\"url\":\"https:\\\/\\\/www.watacc.nl\\\/\",\"name\":\"Waterland Accountants & Adviseurs\",\"description\":\"Samen werkt beter!\",\"publisher\":{\"@id\":\"https:\\\/\\\/www.watacc.nl\\\/#organization\"},\"potentialAction\":[{\"@type\":\"SearchAction\",\"target\":{\"@type\":\"EntryPoint\",\"urlTemplate\":\"https:\\\/\\\/www.watacc.nl\\\/?s={search_term_string}\"},\"query-input\":{\"@type\":\"PropertyValueSpecification\",\"valueRequired\":true,\"valueName\":\"search_term_string\"}}],\"inLanguage\":\"es\"},{\"@type\":\"Organization\",\"@id\":\"https:\\\/\\\/www.watacc.nl\\\/#organization\",\"name\":\"Waterland Accountants & Adviseurs\",\"url\":\"https:\\\/\\\/www.watacc.nl\\\/\",\"logo\":{\"@type\":\"ImageObject\",\"inLanguage\":\"es\",\"@id\":\"https:\\\/\\\/www.watacc.nl\\\/#\\\/schema\\\/logo\\\/image\\\/\",\"url\":\"https:\\\/\\\/www.watacc.nl\\\/wp-content\\\/uploads\\\/2024\\\/08\\\/Waterland-accountants-adviseurs-logo-donker.png\",\"contentUrl\":\"https:\\\/\\\/www.watacc.nl\\\/wp-content\\\/uploads\\\/2024\\\/08\\\/Waterland-accountants-adviseurs-logo-donker.png\",\"width\":600,\"height\":180,\"caption\":\"Waterland Accountants & Adviseurs\"},\"image\":{\"@id\":\"https:\\\/\\\/www.watacc.nl\\\/#\\\/schema\\\/logo\\\/image\\\/\"}}]}<\/script>\n<!-- \/ Yoast SEO plugin. -->","yoast_head_json":{"title":"Disclaimer - Waterland Accountants &amp; Adviseurs","robots":{"index":"index","follow":"follow","max-snippet":"max-snippet:-1","max-image-preview":"max-image-preview:large","max-video-preview":"max-video-preview:-1"},"canonical":"https:\/\/www.watacc.nl\/es\/disclaimer\/","og_locale":"es_ES","og_type":"article","og_title":"Disclaimer - Waterland Accountants &amp; Adviseurs","og_description":"DisclaimerE-mailDe informatie in dit bericht is uitsluitend bestemd voor de geadresseerde en kan persoonlijke of vertrouwelijke informatie bevatten. Indien u niet de geadresseerde bent, wordt u er uitdrukkelijk op gewezen dat u geen recht hebt om kennis te nemen van de inhoud, deze te kopi\u00ebren, te verspreiden of anderszins aan anderen bekend te maken. Indien u dit e-mailbericht abusievelijk hebt ... Read More","og_url":"https:\/\/www.watacc.nl\/es\/disclaimer\/","og_site_name":"Waterland Accountants &amp; Adviseurs","article_modified_time":"2024-09-03T08:33:26+00:00","twitter_card":"summary_large_image","twitter_misc":{"Tiempo de lectura":"1 minuto"},"schema":{"@context":"https:\/\/schema.org","@graph":[{"@type":"WebPage","@id":"https:\/\/www.watacc.nl\/disclaimer\/","url":"https:\/\/www.watacc.nl\/disclaimer\/","name":"Disclaimer - Waterland Accountants &amp; Adviseurs","isPartOf":{"@id":"https:\/\/www.watacc.nl\/#website"},"datePublished":"2024-09-03T08:33:25+00:00","dateModified":"2024-09-03T08:33:26+00:00","breadcrumb":{"@id":"https:\/\/www.watacc.nl\/disclaimer\/#breadcrumb"},"inLanguage":"es","potentialAction":[{"@type":"ReadAction","target":["https:\/\/www.watacc.nl\/disclaimer\/"]}]},{"@type":"BreadcrumbList","@id":"https:\/\/www.watacc.nl\/disclaimer\/#breadcrumb","itemListElement":[{"@type":"ListItem","position":1,"name":"Home","item":"https:\/\/www.watacc.nl\/"},{"@type":"ListItem","position":2,"name":"Disclaimer"}]},{"@type":"WebSite","@id":"https:\/\/www.watacc.nl\/#website","url":"https:\/\/www.watacc.nl\/","name":"Waterland Contables y Asesores","description":"Juntos funciona mejor.","publisher":{"@id":"https:\/\/www.watacc.nl\/#organization"},"potentialAction":[{"@type":"SearchAction","target":{"@type":"EntryPoint","urlTemplate":"https:\/\/www.watacc.nl\/?s={search_term_string}"},"query-input":{"@type":"PropertyValueSpecification","valueRequired":true,"valueName":"search_term_string"}}],"inLanguage":"es"},{"@type":"Organization","@id":"https:\/\/www.watacc.nl\/#organization","name":"Waterland Contables y Asesores","url":"https:\/\/www.watacc.nl\/","logo":{"@type":"ImageObject","inLanguage":"es","@id":"https:\/\/www.watacc.nl\/#\/schema\/logo\/image\/","url":"https:\/\/www.watacc.nl\/wp-content\/uploads\/2024\/08\/Waterland-accountants-adviseurs-logo-donker.png","contentUrl":"https:\/\/www.watacc.nl\/wp-content\/uploads\/2024\/08\/Waterland-accountants-adviseurs-logo-donker.png","width":600,"height":180,"caption":"Waterland Accountants & Adviseurs"},"image":{"@id":"https:\/\/www.watacc.nl\/#\/schema\/logo\/image\/"}}]}},"_links":{"self":[{"href":"https:\/\/www.watacc.nl\/es\/wp-json\/wp\/v2\/pages\/247","targetHints":{"allow":["GET"]}}],"collection":[{"href":"https:\/\/www.watacc.nl\/es\/wp-json\/wp\/v2\/pages"}],"about":[{"href":"https:\/\/www.watacc.nl\/es\/wp-json\/wp\/v2\/types\/page"}],"author":[{"embeddable":true,"href":"https:\/\/www.watacc.nl\/es\/wp-json\/wp\/v2\/users\/2"}],"replies":[{"embeddable":true,"href":"https:\/\/www.watacc.nl\/es\/wp-json\/wp\/v2\/comments?post=247"}],"version-history":[{"count":2,"href":"https:\/\/www.watacc.nl\/es\/wp-json\/wp\/v2\/pages\/247\/revisions"}],"predecessor-version":[{"id":249,"href":"https:\/\/www.watacc.nl\/es\/wp-json\/wp\/v2\/pages\/247\/revisions\/249"}],"wp:attachment":[{"href":"https:\/\/www.watacc.nl\/es\/wp-json\/wp\/v2\/media?parent=247"}],"curies":[{"name":"wp","href":"https:\/\/api.w.org\/{rel}","templated":true}]}}