{"id":188,"date":"2024-08-29T12:35:26","date_gmt":"2024-08-29T10:35:26","guid":{"rendered":"http:\/\/85.10.155.125\/~watacc\/?page_id=188"},"modified":"2024-11-27T17:33:54","modified_gmt":"2024-11-27T16:33:54","slug":"waarom-wij","status":"publish","type":"page","link":"https:\/\/www.watacc.nl\/es\/waarom-wij\/","title":{"rendered":"Por qu\u00e9"},"content":{"rendered":"<div id=\"cs-content\" class=\"cs-content\"><div class=\"x-section e188-e1 m58-0 m58-1\"><div class=\"x-row e188-e2 m58-3 m58-4 m58-5\"><div class=\"x-row-inner\"><div class=\"x-col e188-e3 m58-8\"><h1  class=\"h-custom-headline h3\" style=\"color: #006e78;margin-top:0px; margin-bottom:20px;\"><span>Por qu\u00e9<\/span><\/h1><\/div><\/div><\/div><div class=\"x-row e188-e5 m58-3 m58-4 m58-6\"><div class=\"x-row-inner\"><div class=\"x-col e188-e6 m58-8\"><div  class=\"x-columnize\" ><p>Tranquilidad financiera. \u00bfQu\u00e9 empresario no quiere eso? No tener que preocuparse por los n\u00fameros. Saber que las cosas van bien. Y que seguir\u00e1n yendo bien. Poder dedicar todo tu tiempo a tu negocio. Al crecimiento, al \u00e9xito, a la diversi\u00f3n.<\/p>\n<p>Waterland Accountants trabaja en ello cada d\u00eda. Junto con sus clientes. Nos gusta mirar al ma\u00f1ana, al futuro. Por eso nos gusta trabajar con empresarios ambiciosos. Desde principiantes con una buena idea hasta PYME veteranas que quieren pasar al siguiente nivel.<\/p>\n<p>Para lograrlo, ofrecemos un servicio m\u00e1s amplio que el del contable al uso. Tenemos asesores que lo saben todo sobre planificaci\u00f3n financiera y an\u00e1lisis de riesgos. Y vamos a\u00fan m\u00e1s lejos. Con un Asesor Empresarial que puede apoyarle en t\u00e9rminos de eficiencia en los procesos, cooperaci\u00f3n dentro de su(s) equipo(s) y su crecimiento personal como gestor. Haciendo que los empresarios sean a\u00fan mejores en los negocios. Y, por supuesto, tambi\u00e9n nos ocupamos de la contabilidad, las n\u00f3minas y las declaraciones fiscales. Pero eso no hace falta decirlo.<\/p>\n<p>Waterland Accountants trabaja en su futuro. Trabajando en el futuro de sus clientes. Construyendo juntos un negocio mejor. Juntos hacia el \u00e9xito. Porque juntos funcionamos mejor.<\/p><\/div><\/div><\/div><\/div><\/div><div class=\"x-section e188-e8 m58-1 m58-2\"><div class=\"x-bg\" aria-hidden=\"true\"><div class=\"x-bg-layer-lower-image\" data-x-element-bg-layer=\"{&quot;parallaxSize&quot;:&quot;150%&quot;,&quot;parallaxDir&quot;:&quot;v&quot;,&quot;parallaxRev&quot;:false}\" style=\" background-image: url(https:\/\/www.watacc.nl\/wp-content\/uploads\/2024\/08\/Achtergrond-test.jpg); background-repeat: no-repeat; background-position: center; background-size: cover;\"><\/div><\/div><div class=\"x-row e188-e9 m58-3 m58-4 m58-7\"><div class=\"x-row-inner\"><div class=\"x-col e188-e10 m58-8 m58-9\"><h2  class=\"h-custom-headline h3\" style=\"color: hsl(0, 0%, 100%);margin-top:0px;\"><span>\u00bfSe busca contable, contable o tutor?\n<br><span style=\"color:#006f77;\">P\u00f3ngase en contacto con nosotros.<\/span><\/span><\/h2><a  class=\"x-btn x-btn-global\" style=\"margin-top:20px; text-shadow: none;\" href=\"https:\/\/www.watacc.nl\/es\/contact\/\"     data-options=\"thumbnail: ''\">P\u00f3ngase en contacto con nosotros<\/a><\/div><div class=\"x-col x-hide-sm x-hide-xs e188-e13 m58-8\"><img decoding=\"async\"  class=\"x-img x-img-none\" style=\"margin-top:-40px;\" src=\"https:\/\/www.watacc.nl\/wp-content\/uploads\/2024\/08\/Waterland-Accountants-Adviseurs-Notitie.png\" ><\/div><\/div><\/div><\/div><\/div>","protected":false},"excerpt":{"rendered":"<p>Por qu\u00e9 nosotrosTranquilidad financiera. \u00bfQu\u00e9 empresario no quiere eso? No tener que preocuparse por los n\u00fameros. Saber que las cosas van bien. Y que seguir\u00e1n yendo bien. Poder dedicar todo tu tiempo a tu negocio. Al crecimiento, al \u00e9xito, a la diversi\u00f3n. Waterland Accountants trabaja en ello cada d\u00eda. Junto con sus clientes. Nos gusta mirar al ma\u00f1ana, al futuro. Por eso trabajamos ... <\/p>\n<div><a href=\"https:\/\/www.watacc.nl\/es\/waarom-wij\/\" class=\"more-link\">Seguir leyendo<\/a><\/div>","protected":false},"author":2,"featured_media":0,"parent":0,"menu_order":0,"comment_status":"closed","ping_status":"closed","template":"template-blank-4.php","meta":{"rs_blank_template":"","rs_page_bg_color":"","slide_template_v7":"","footnotes":""},"class_list":["post-188","page","type-page","status-publish","hentry","no-post-thumbnail"],"yoast_head":"<!-- This site is optimized with the Yoast SEO plugin v27.5 - https:\/\/yoast.com\/product\/yoast-seo-wordpress\/ -->\n<title>Waarom wij - Waterland Accountants &amp; Adviseurs<\/title>\n<meta name=\"robots\" content=\"index, follow, max-snippet:-1, max-image-preview:large, max-video-preview:-1\" \/>\n<link rel=\"canonical\" href=\"https:\/\/www.watacc.nl\/es\/waarom-wij\/\" \/>\n<meta property=\"og:locale\" content=\"es_ES\" \/>\n<meta property=\"og:type\" content=\"article\" \/>\n<meta property=\"og:title\" content=\"Waarom wij - Waterland Accountants &amp; Adviseurs\" \/>\n<meta property=\"og:description\" content=\"Waarom wijFinanci\u00eble rust. Welke ondernemer wil dat niet? Je geen zorgen hoeven maken over de cijfers. Weten dat het goed is. En goed blijft gaan. Al je tijd kunnen besteden aan je onderneming. Aan groei, succes, plezier. Waterland Accountants is daar elke dag mee bezig. Samen met haar klanten. Wij kijken graag naar morgen, naar de toekomst. Daarom werken wij ... Read More\" \/>\n<meta property=\"og:url\" content=\"https:\/\/www.watacc.nl\/es\/waarom-wij\/\" \/>\n<meta property=\"og:site_name\" content=\"Waterland Accountants &amp; Adviseurs\" \/>\n<meta property=\"article:modified_time\" content=\"2024-11-27T16:33:54+00:00\" \/>\n<meta name=\"twitter:card\" content=\"summary_large_image\" \/>\n<meta name=\"twitter:label1\" content=\"Tiempo de lectura\" \/>\n\t<meta name=\"twitter:data1\" content=\"2 minutos\" \/>\n<script type=\"application\/ld+json\" class=\"yoast-schema-graph\">{\"@context\":\"https:\\\/\\\/schema.org\",\"@graph\":[{\"@type\":\"WebPage\",\"@id\":\"https:\\\/\\\/www.watacc.nl\\\/waarom-wij\\\/\",\"url\":\"https:\\\/\\\/www.watacc.nl\\\/waarom-wij\\\/\",\"name\":\"Waarom wij - Waterland Accountants &amp; Adviseurs\",\"isPartOf\":{\"@id\":\"https:\\\/\\\/www.watacc.nl\\\/#website\"},\"datePublished\":\"2024-08-29T10:35:26+00:00\",\"dateModified\":\"2024-11-27T16:33:54+00:00\",\"breadcrumb\":{\"@id\":\"https:\\\/\\\/www.watacc.nl\\\/waarom-wij\\\/#breadcrumb\"},\"inLanguage\":\"es\",\"potentialAction\":[{\"@type\":\"ReadAction\",\"target\":[\"https:\\\/\\\/www.watacc.nl\\\/waarom-wij\\\/\"]}]},{\"@type\":\"BreadcrumbList\",\"@id\":\"https:\\\/\\\/www.watacc.nl\\\/waarom-wij\\\/#breadcrumb\",\"itemListElement\":[{\"@type\":\"ListItem\",\"position\":1,\"name\":\"Home\",\"item\":\"https:\\\/\\\/www.watacc.nl\\\/\"},{\"@type\":\"ListItem\",\"position\":2,\"name\":\"Waarom wij\"}]},{\"@type\":\"WebSite\",\"@id\":\"https:\\\/\\\/www.watacc.nl\\\/#website\",\"url\":\"https:\\\/\\\/www.watacc.nl\\\/\",\"name\":\"Waterland Accountants & Adviseurs\",\"description\":\"Samen werkt beter!\",\"publisher\":{\"@id\":\"https:\\\/\\\/www.watacc.nl\\\/#organization\"},\"potentialAction\":[{\"@type\":\"SearchAction\",\"target\":{\"@type\":\"EntryPoint\",\"urlTemplate\":\"https:\\\/\\\/www.watacc.nl\\\/?s={search_term_string}\"},\"query-input\":{\"@type\":\"PropertyValueSpecification\",\"valueRequired\":true,\"valueName\":\"search_term_string\"}}],\"inLanguage\":\"es\"},{\"@type\":\"Organization\",\"@id\":\"https:\\\/\\\/www.watacc.nl\\\/#organization\",\"name\":\"Waterland Accountants & Adviseurs\",\"url\":\"https:\\\/\\\/www.watacc.nl\\\/\",\"logo\":{\"@type\":\"ImageObject\",\"inLanguage\":\"es\",\"@id\":\"https:\\\/\\\/www.watacc.nl\\\/#\\\/schema\\\/logo\\\/image\\\/\",\"url\":\"https:\\\/\\\/www.watacc.nl\\\/wp-content\\\/uploads\\\/2024\\\/08\\\/Waterland-accountants-adviseurs-logo-donker.png\",\"contentUrl\":\"https:\\\/\\\/www.watacc.nl\\\/wp-content\\\/uploads\\\/2024\\\/08\\\/Waterland-accountants-adviseurs-logo-donker.png\",\"width\":600,\"height\":180,\"caption\":\"Waterland Accountants & Adviseurs\"},\"image\":{\"@id\":\"https:\\\/\\\/www.watacc.nl\\\/#\\\/schema\\\/logo\\\/image\\\/\"}}]}<\/script>\n<!-- \/ Yoast SEO plugin. -->","yoast_head_json":{"title":"Waarom wij - Waterland Accountants &amp; Adviseurs","robots":{"index":"index","follow":"follow","max-snippet":"max-snippet:-1","max-image-preview":"max-image-preview:large","max-video-preview":"max-video-preview:-1"},"canonical":"https:\/\/www.watacc.nl\/es\/waarom-wij\/","og_locale":"es_ES","og_type":"article","og_title":"Waarom wij - Waterland Accountants &amp; Adviseurs","og_description":"Waarom wijFinanci\u00eble rust. Welke ondernemer wil dat niet? Je geen zorgen hoeven maken over de cijfers. Weten dat het goed is. En goed blijft gaan. Al je tijd kunnen besteden aan je onderneming. Aan groei, succes, plezier. Waterland Accountants is daar elke dag mee bezig. Samen met haar klanten. Wij kijken graag naar morgen, naar de toekomst. Daarom werken wij ... Read More","og_url":"https:\/\/www.watacc.nl\/es\/waarom-wij\/","og_site_name":"Waterland Accountants &amp; Adviseurs","article_modified_time":"2024-11-27T16:33:54+00:00","twitter_card":"summary_large_image","twitter_misc":{"Tiempo de lectura":"2 minutos"},"schema":{"@context":"https:\/\/schema.org","@graph":[{"@type":"WebPage","@id":"https:\/\/www.watacc.nl\/waarom-wij\/","url":"https:\/\/www.watacc.nl\/waarom-wij\/","name":"Waarom wij - Waterland Accountants &amp; Adviseurs","isPartOf":{"@id":"https:\/\/www.watacc.nl\/#website"},"datePublished":"2024-08-29T10:35:26+00:00","dateModified":"2024-11-27T16:33:54+00:00","breadcrumb":{"@id":"https:\/\/www.watacc.nl\/waarom-wij\/#breadcrumb"},"inLanguage":"es","potentialAction":[{"@type":"ReadAction","target":["https:\/\/www.watacc.nl\/waarom-wij\/"]}]},{"@type":"BreadcrumbList","@id":"https:\/\/www.watacc.nl\/waarom-wij\/#breadcrumb","itemListElement":[{"@type":"ListItem","position":1,"name":"Home","item":"https:\/\/www.watacc.nl\/"},{"@type":"ListItem","position":2,"name":"Waarom wij"}]},{"@type":"WebSite","@id":"https:\/\/www.watacc.nl\/#website","url":"https:\/\/www.watacc.nl\/","name":"Waterland Contables y Asesores","description":"Juntos funciona mejor.","publisher":{"@id":"https:\/\/www.watacc.nl\/#organization"},"potentialAction":[{"@type":"SearchAction","target":{"@type":"EntryPoint","urlTemplate":"https:\/\/www.watacc.nl\/?s={search_term_string}"},"query-input":{"@type":"PropertyValueSpecification","valueRequired":true,"valueName":"search_term_string"}}],"inLanguage":"es"},{"@type":"Organization","@id":"https:\/\/www.watacc.nl\/#organization","name":"Waterland Contables y Asesores","url":"https:\/\/www.watacc.nl\/","logo":{"@type":"ImageObject","inLanguage":"es","@id":"https:\/\/www.watacc.nl\/#\/schema\/logo\/image\/","url":"https:\/\/www.watacc.nl\/wp-content\/uploads\/2024\/08\/Waterland-accountants-adviseurs-logo-donker.png","contentUrl":"https:\/\/www.watacc.nl\/wp-content\/uploads\/2024\/08\/Waterland-accountants-adviseurs-logo-donker.png","width":600,"height":180,"caption":"Waterland Accountants & Adviseurs"},"image":{"@id":"https:\/\/www.watacc.nl\/#\/schema\/logo\/image\/"}}]}},"_links":{"self":[{"href":"https:\/\/www.watacc.nl\/es\/wp-json\/wp\/v2\/pages\/188","targetHints":{"allow":["GET"]}}],"collection":[{"href":"https:\/\/www.watacc.nl\/es\/wp-json\/wp\/v2\/pages"}],"about":[{"href":"https:\/\/www.watacc.nl\/es\/wp-json\/wp\/v2\/types\/page"}],"author":[{"embeddable":true,"href":"https:\/\/www.watacc.nl\/es\/wp-json\/wp\/v2\/users\/2"}],"replies":[{"embeddable":true,"href":"https:\/\/www.watacc.nl\/es\/wp-json\/wp\/v2\/comments?post=188"}],"version-history":[{"count":4,"href":"https:\/\/www.watacc.nl\/es\/wp-json\/wp\/v2\/pages\/188\/revisions"}],"predecessor-version":[{"id":523,"href":"https:\/\/www.watacc.nl\/es\/wp-json\/wp\/v2\/pages\/188\/revisions\/523"}],"wp:attachment":[{"href":"https:\/\/www.watacc.nl\/es\/wp-json\/wp\/v2\/media?parent=188"}],"curies":[{"name":"wp","href":"https:\/\/api.w.org\/{rel}","templated":true}]}}