{"id":179,"date":"2024-08-29T12:08:58","date_gmt":"2024-08-29T10:08:58","guid":{"rendered":"http:\/\/85.10.155.125\/~watacc\/?page_id=179"},"modified":"2024-09-10T11:21:08","modified_gmt":"2024-09-10T09:21:08","slug":"monitoren-groei","status":"publish","type":"page","link":"https:\/\/www.watacc.nl\/es\/monitoren-groei\/","title":{"rendered":"Seguimiento del crecimiento"},"content":{"rendered":"<div id=\"cs-content\" class=\"cs-content\"><div class=\"x-section e179-e1 m4z-0 m4z-1\"><div class=\"x-row e179-e2 m4z-3 m4z-4 m4z-5\"><div class=\"x-row-inner\"><div class=\"x-col e179-e3 m4z-8 m4z-9\"><h1  class=\"h-custom-headline h3\" style=\"color: #006e78;margin-top:0px; margin-bottom:20px;\"><span>Seguimiento del crecimiento<\/span><\/h1><\/div><\/div><\/div><div class=\"x-row e179-e5 m4z-3 m4z-4 m4z-6\"><div class=\"x-row-inner\"><div class=\"x-col e179-e6 m4z-8 m4z-9\"><div id=\"\" class=\"x-text\" style=\"\" ><p>Podemos controlar el crecimiento (de los beneficios) dirigi\u00e9ndonos, entre otras cosas, a los Indicadores Clave de Rendimiento (KPI). De un vistazo, puedes conocer los KPI para hacer los ajustes oportunos hacia el resultado previsto.<\/p>\n<\/div><h1  class=\"h-custom-headline h5\" style=\"color: #006e78;margin-top:0px;  font-size: 105%;     line-height: 1.2;\"><span>Control de la liquidez<\/span><\/h1><div id=\"\" class=\"x-text\" style=\"\" ><p>Tambi\u00e9n podemos ofrecerle informaci\u00f3n puntual sobre la posici\u00f3n de liquidez mediante previsiones de liquidez a corto y largo plazo. Esto nos permite actuar a tiempo y hace que las sorpresas sean cosa del pasado.<\/p>\n<\/div><\/div><div class=\"x-col e179-e10 m4z-8 m4z-a\"><h1  class=\"h-custom-headline h5\" style=\"color: #006e78;margin-top:0px;  font-size: 105%;     line-height: 1.2;\"><span>Consulte nuestros otros servicios:<\/span><\/h1><a class=\"x-anchor x-anchor-button e179-e12 m4z-c\" tabindex=\"0\" href=\"https:\/\/www.watacc.nl\/es\/accountancy\/\"><div class=\"x-anchor-content\"><div class=\"x-anchor-text\"><span class=\"x-anchor-text-primary\">Contabilidad<\/span><\/div><\/div><\/a><a class=\"x-anchor x-anchor-button e179-e13 m4z-c\" tabindex=\"0\" href=\"https:\/\/www.watacc.nl\/es\/fiscaal\/\"><div class=\"x-anchor-content\"><div class=\"x-anchor-text\"><span class=\"x-anchor-text-primary\">Impuesto<\/span><\/div><\/div><\/a><a class=\"x-anchor x-anchor-button e179-e14 m4z-c\" tabindex=\"0\" href=\"https:\/\/www.watacc.nl\/es\/financiele-planning\/\"><div class=\"x-anchor-content\"><div class=\"x-anchor-text\"><span class=\"x-anchor-text-primary\">Planificaci\u00f3n financiera<\/span><\/div><\/div><\/a><a class=\"x-anchor x-anchor-button e179-e15 m4z-c\" tabindex=\"0\" href=\"https:\/\/www.watacc.nl\/es\/bedrijfsadvies\/\"><div class=\"x-anchor-content\"><div class=\"x-anchor-text\"><span class=\"x-anchor-text-primary\">Asesoramiento empresarial<\/span><\/div><\/div><\/a><a class=\"x-anchor x-anchor-button e179-e16 m4z-c\" tabindex=\"0\" href=\"https:\/\/www.watacc.nl\/es\/administratieve-dienstverlening\/\"><div class=\"x-anchor-content\"><div class=\"x-anchor-text\"><span class=\"x-anchor-text-primary\">Servicios administrativos<\/span><\/div><\/div><\/a><a class=\"x-anchor x-anchor-button e179-e17 m4z-c\" tabindex=\"0\" href=\"https:\/\/www.watacc.nl\/es\/salaris-personeel\/\"><div class=\"x-anchor-content\"><div class=\"x-anchor-text\"><span class=\"x-anchor-text-primary\">Salario y personal<\/span><\/div><\/div><\/a><\/div><\/div><\/div><\/div><div class=\"x-section e179-e18 m4z-1 m4z-2\"><div class=\"x-bg\" aria-hidden=\"true\"><div class=\"x-bg-layer-lower-image\" data-x-element-bg-layer=\"{&quot;parallaxSize&quot;:&quot;150%&quot;,&quot;parallaxDir&quot;:&quot;v&quot;,&quot;parallaxRev&quot;:false}\" style=\" background-image: url(https:\/\/www.watacc.nl\/wp-content\/uploads\/2024\/08\/Achtergrond-test.jpg); background-repeat: no-repeat; background-position: center; background-size: cover;\"><\/div><\/div><div class=\"x-row e179-e19 m4z-3 m4z-4 m4z-7\"><div class=\"x-row-inner\"><div class=\"x-col e179-e20 m4z-8 m4z-9 m4z-b\"><h2  class=\"h-custom-headline h3\" style=\"color: hsl(0, 0%, 100%);margin-top:0px;\"><span>\u00bfSe busca contable, contable o tutor?\n<br><span style=\"color:#006f77;\">P\u00f3ngase en contacto con nosotros.<\/span><\/span><\/h2><a  class=\"x-btn x-btn-global\" style=\"margin-top:20px; text-shadow: none;\" href=\"https:\/\/www.watacc.nl\/es\/contact\/\"     data-options=\"thumbnail: ''\">P\u00f3ngase en contacto con nosotros<\/a><\/div><div class=\"x-col x-hide-sm x-hide-xs e179-e23 m4z-8 m4z-9\"><img decoding=\"async\"  class=\"x-img x-img-none\" style=\"margin-top:-40px;\" src=\"https:\/\/www.watacc.nl\/wp-content\/uploads\/2024\/09\/Waterland-Accountants-Adviseurs-Notitie-boek-element.png\" ><\/div><\/div><\/div><\/div><\/div>","protected":false},"excerpt":{"rendered":"<p>Monitoren groeiWij kunnen de (winst)groei monitoren door o.a. te sturen op Key Performance Indicators (KPI\u2019s). In een oogopslag krijg je inzicht in de KPI\u2019s om tijdig bij te kunnen sturen op weg naar het beoogde resultaat. Monitoren liquiditeitWij kunnen je ook tijdig inzicht geven in de liquiditeitspositie middels liquiditeitsprognoses op lange en korte termijn. Zo kunnen we tijdig acties op &#8230; <\/p>\n<div><a href=\"https:\/\/www.watacc.nl\/es\/monitoren-groei\/\" class=\"more-link\">Seguir leyendo<\/a><\/div>","protected":false},"author":2,"featured_media":0,"parent":0,"menu_order":0,"comment_status":"closed","ping_status":"closed","template":"template-blank-4.php","meta":{"footnotes":""},"class_list":["post-179","page","type-page","status-publish","hentry","no-post-thumbnail"],"yoast_head":"<!-- This site is optimized with the Yoast SEO plugin v27.3 - https:\/\/yoast.com\/product\/yoast-seo-wordpress\/ -->\n<title>Monitoren groei - Waterland Accountants &amp; Adviseurs<\/title>\n<meta name=\"robots\" content=\"index, follow, max-snippet:-1, max-image-preview:large, max-video-preview:-1\" \/>\n<link rel=\"canonical\" href=\"https:\/\/www.watacc.nl\/es\/monitoren-groei\/\" \/>\n<meta property=\"og:locale\" content=\"es_ES\" \/>\n<meta property=\"og:type\" content=\"article\" \/>\n<meta property=\"og:title\" content=\"Monitoren groei - Waterland Accountants &amp; Adviseurs\" \/>\n<meta property=\"og:description\" content=\"Monitoren groeiWij kunnen de (winst)groei monitoren door o.a. te sturen op Key Performance Indicators (KPI\u2019s). In een oogopslag krijg je inzicht in de KPI\u2019s om tijdig bij te kunnen sturen op weg naar het beoogde resultaat. Monitoren liquiditeitWij kunnen je ook tijdig inzicht geven in de liquiditeitspositie middels liquiditeitsprognoses op lange en korte termijn. Zo kunnen we tijdig acties op ... Read More\" \/>\n<meta property=\"og:url\" content=\"https:\/\/www.watacc.nl\/es\/monitoren-groei\/\" \/>\n<meta property=\"og:site_name\" content=\"Waterland Accountants &amp; Adviseurs\" \/>\n<meta property=\"article:modified_time\" content=\"2024-09-10T09:21:08+00:00\" \/>\n<meta name=\"twitter:card\" content=\"summary_large_image\" \/>\n<meta name=\"twitter:label1\" content=\"Tiempo de lectura\" \/>\n\t<meta name=\"twitter:data1\" content=\"2 minutos\" \/>\n<script type=\"application\/ld+json\" class=\"yoast-schema-graph\">{\"@context\":\"https:\\\/\\\/schema.org\",\"@graph\":[{\"@type\":\"WebPage\",\"@id\":\"https:\\\/\\\/www.watacc.nl\\\/monitoren-groei\\\/\",\"url\":\"https:\\\/\\\/www.watacc.nl\\\/monitoren-groei\\\/\",\"name\":\"Monitoren groei - Waterland Accountants &amp; Adviseurs\",\"isPartOf\":{\"@id\":\"https:\\\/\\\/www.watacc.nl\\\/#website\"},\"datePublished\":\"2024-08-29T10:08:58+00:00\",\"dateModified\":\"2024-09-10T09:21:08+00:00\",\"breadcrumb\":{\"@id\":\"https:\\\/\\\/www.watacc.nl\\\/monitoren-groei\\\/#breadcrumb\"},\"inLanguage\":\"es\",\"potentialAction\":[{\"@type\":\"ReadAction\",\"target\":[\"https:\\\/\\\/www.watacc.nl\\\/monitoren-groei\\\/\"]}]},{\"@type\":\"BreadcrumbList\",\"@id\":\"https:\\\/\\\/www.watacc.nl\\\/monitoren-groei\\\/#breadcrumb\",\"itemListElement\":[{\"@type\":\"ListItem\",\"position\":1,\"name\":\"Home\",\"item\":\"https:\\\/\\\/www.watacc.nl\\\/\"},{\"@type\":\"ListItem\",\"position\":2,\"name\":\"Monitoren groei\"}]},{\"@type\":\"WebSite\",\"@id\":\"https:\\\/\\\/www.watacc.nl\\\/#website\",\"url\":\"https:\\\/\\\/www.watacc.nl\\\/\",\"name\":\"Waterland Accountants & Adviseurs\",\"description\":\"Samen werkt beter!\",\"publisher\":{\"@id\":\"https:\\\/\\\/www.watacc.nl\\\/#organization\"},\"potentialAction\":[{\"@type\":\"SearchAction\",\"target\":{\"@type\":\"EntryPoint\",\"urlTemplate\":\"https:\\\/\\\/www.watacc.nl\\\/?s={search_term_string}\"},\"query-input\":{\"@type\":\"PropertyValueSpecification\",\"valueRequired\":true,\"valueName\":\"search_term_string\"}}],\"inLanguage\":\"es\"},{\"@type\":\"Organization\",\"@id\":\"https:\\\/\\\/www.watacc.nl\\\/#organization\",\"name\":\"Waterland Accountants & Adviseurs\",\"url\":\"https:\\\/\\\/www.watacc.nl\\\/\",\"logo\":{\"@type\":\"ImageObject\",\"inLanguage\":\"es\",\"@id\":\"https:\\\/\\\/www.watacc.nl\\\/#\\\/schema\\\/logo\\\/image\\\/\",\"url\":\"https:\\\/\\\/www.watacc.nl\\\/wp-content\\\/uploads\\\/2024\\\/08\\\/Waterland-accountants-adviseurs-logo-donker.png\",\"contentUrl\":\"https:\\\/\\\/www.watacc.nl\\\/wp-content\\\/uploads\\\/2024\\\/08\\\/Waterland-accountants-adviseurs-logo-donker.png\",\"width\":600,\"height\":180,\"caption\":\"Waterland Accountants & Adviseurs\"},\"image\":{\"@id\":\"https:\\\/\\\/www.watacc.nl\\\/#\\\/schema\\\/logo\\\/image\\\/\"}}]}<\/script>\n<!-- \/ Yoast SEO plugin. -->","yoast_head_json":{"title":"Monitoren groei - Waterland Accountants &amp; Adviseurs","robots":{"index":"index","follow":"follow","max-snippet":"max-snippet:-1","max-image-preview":"max-image-preview:large","max-video-preview":"max-video-preview:-1"},"canonical":"https:\/\/www.watacc.nl\/es\/monitoren-groei\/","og_locale":"es_ES","og_type":"article","og_title":"Monitoren groei - Waterland Accountants &amp; Adviseurs","og_description":"Monitoren groeiWij kunnen de (winst)groei monitoren door o.a. te sturen op Key Performance Indicators (KPI\u2019s). In een oogopslag krijg je inzicht in de KPI\u2019s om tijdig bij te kunnen sturen op weg naar het beoogde resultaat. Monitoren liquiditeitWij kunnen je ook tijdig inzicht geven in de liquiditeitspositie middels liquiditeitsprognoses op lange en korte termijn. Zo kunnen we tijdig acties op ... Read More","og_url":"https:\/\/www.watacc.nl\/es\/monitoren-groei\/","og_site_name":"Waterland Accountants &amp; Adviseurs","article_modified_time":"2024-09-10T09:21:08+00:00","twitter_card":"summary_large_image","twitter_misc":{"Tiempo de lectura":"2 minutos"},"schema":{"@context":"https:\/\/schema.org","@graph":[{"@type":"WebPage","@id":"https:\/\/www.watacc.nl\/monitoren-groei\/","url":"https:\/\/www.watacc.nl\/monitoren-groei\/","name":"Monitoren groei - Waterland Accountants &amp; Adviseurs","isPartOf":{"@id":"https:\/\/www.watacc.nl\/#website"},"datePublished":"2024-08-29T10:08:58+00:00","dateModified":"2024-09-10T09:21:08+00:00","breadcrumb":{"@id":"https:\/\/www.watacc.nl\/monitoren-groei\/#breadcrumb"},"inLanguage":"es","potentialAction":[{"@type":"ReadAction","target":["https:\/\/www.watacc.nl\/monitoren-groei\/"]}]},{"@type":"BreadcrumbList","@id":"https:\/\/www.watacc.nl\/monitoren-groei\/#breadcrumb","itemListElement":[{"@type":"ListItem","position":1,"name":"Home","item":"https:\/\/www.watacc.nl\/"},{"@type":"ListItem","position":2,"name":"Monitoren groei"}]},{"@type":"WebSite","@id":"https:\/\/www.watacc.nl\/#website","url":"https:\/\/www.watacc.nl\/","name":"Waterland Contables y Asesores","description":"Juntos funciona mejor.","publisher":{"@id":"https:\/\/www.watacc.nl\/#organization"},"potentialAction":[{"@type":"SearchAction","target":{"@type":"EntryPoint","urlTemplate":"https:\/\/www.watacc.nl\/?s={search_term_string}"},"query-input":{"@type":"PropertyValueSpecification","valueRequired":true,"valueName":"search_term_string"}}],"inLanguage":"es"},{"@type":"Organization","@id":"https:\/\/www.watacc.nl\/#organization","name":"Waterland Contables y Asesores","url":"https:\/\/www.watacc.nl\/","logo":{"@type":"ImageObject","inLanguage":"es","@id":"https:\/\/www.watacc.nl\/#\/schema\/logo\/image\/","url":"https:\/\/www.watacc.nl\/wp-content\/uploads\/2024\/08\/Waterland-accountants-adviseurs-logo-donker.png","contentUrl":"https:\/\/www.watacc.nl\/wp-content\/uploads\/2024\/08\/Waterland-accountants-adviseurs-logo-donker.png","width":600,"height":180,"caption":"Waterland Accountants & Adviseurs"},"image":{"@id":"https:\/\/www.watacc.nl\/#\/schema\/logo\/image\/"}}]}},"_links":{"self":[{"href":"https:\/\/www.watacc.nl\/es\/wp-json\/wp\/v2\/pages\/179","targetHints":{"allow":["GET"]}}],"collection":[{"href":"https:\/\/www.watacc.nl\/es\/wp-json\/wp\/v2\/pages"}],"about":[{"href":"https:\/\/www.watacc.nl\/es\/wp-json\/wp\/v2\/types\/page"}],"author":[{"embeddable":true,"href":"https:\/\/www.watacc.nl\/es\/wp-json\/wp\/v2\/users\/2"}],"replies":[{"embeddable":true,"href":"https:\/\/www.watacc.nl\/es\/wp-json\/wp\/v2\/comments?post=179"}],"version-history":[{"count":5,"href":"https:\/\/www.watacc.nl\/es\/wp-json\/wp\/v2\/pages\/179\/revisions"}],"predecessor-version":[{"id":306,"href":"https:\/\/www.watacc.nl\/es\/wp-json\/wp\/v2\/pages\/179\/revisions\/306"}],"wp:attachment":[{"href":"https:\/\/www.watacc.nl\/es\/wp-json\/wp\/v2\/media?parent=179"}],"curies":[{"name":"wp","href":"https:\/\/api.w.org\/{rel}","templated":true}]}}