{"id":176,"date":"2024-08-29T12:08:58","date_gmt":"2024-08-29T10:08:58","guid":{"rendered":"http:\/\/85.10.155.125\/~watacc\/?page_id=176"},"modified":"2024-09-10T11:20:59","modified_gmt":"2024-09-10T09:20:59","slug":"salaris-personeel","status":"publish","type":"page","link":"https:\/\/www.watacc.nl\/es\/salaris-personeel\/","title":{"rendered":"Salario y personal"},"content":{"rendered":"<div id=\"cs-content\" class=\"cs-content\"><div class=\"x-section e176-e1 m4w-0 m4w-1\"><div class=\"x-row e176-e2 m4w-3 m4w-4 m4w-5\"><div class=\"x-row-inner\"><div class=\"x-col e176-e3 m4w-8 m4w-9\"><h1  class=\"h-custom-headline h3\" style=\"color: #006e78;margin-top:0px; margin-bottom:20px;\"><span>Salario y personal<\/span><\/h1><\/div><\/div><\/div><div class=\"x-row e176-e5 m4w-3 m4w-4 m4w-6\"><div class=\"x-row-inner\"><div class=\"x-col e176-e6 m4w-8 m4w-9\"><div id=\"\" class=\"x-text\" style=\"\" ><p>Como empresario, no puede permitirse el lujo de descuidar la gesti\u00f3n de las n\u00f3minas. Al mismo tiempo, una legislaci\u00f3n cada vez m\u00e1s compleja no deja de presentarle nuevos obst\u00e1culos. Nuestro despacho estar\u00e1 encantado de quitarle esta tarea de encima para que pueda centrarse plenamente en el progreso del proceso empresarial.<\/p>\n<p>Con nuestro software en l\u00ednea, tendr\u00e1 visibilidad de todos los datos del personal las 24 horas del d\u00eda, los 7 d\u00edas de la semana.<\/p>\n<\/div><\/div><div class=\"x-col e176-e8 m4w-8 m4w-a\"><h1  class=\"h-custom-headline h5\" style=\"color: #006e78;margin-top:0px;  font-size: 105%;     line-height: 1.2;\"><span>Consulte nuestros otros servicios:<\/span><\/h1><a class=\"x-anchor x-anchor-button e176-e10 m4w-c\" tabindex=\"0\" href=\"https:\/\/www.watacc.nl\/es\/accountancy\/\"><div class=\"x-anchor-content\"><div class=\"x-anchor-text\"><span class=\"x-anchor-text-primary\">Contabilidad<\/span><\/div><\/div><\/a><a class=\"x-anchor x-anchor-button e176-e11 m4w-c\" tabindex=\"0\" href=\"https:\/\/www.watacc.nl\/es\/fiscaal\/\"><div class=\"x-anchor-content\"><div class=\"x-anchor-text\"><span class=\"x-anchor-text-primary\">Impuesto<\/span><\/div><\/div><\/a><a class=\"x-anchor x-anchor-button e176-e12 m4w-c\" tabindex=\"0\" href=\"https:\/\/www.watacc.nl\/es\/financiele-planning\/\"><div class=\"x-anchor-content\"><div class=\"x-anchor-text\"><span class=\"x-anchor-text-primary\">Planificaci\u00f3n financiera<\/span><\/div><\/div><\/a><a class=\"x-anchor x-anchor-button e176-e13 m4w-c\" tabindex=\"0\" href=\"https:\/\/www.watacc.nl\/es\/bedrijfsadvies\/\"><div class=\"x-anchor-content\"><div class=\"x-anchor-text\"><span class=\"x-anchor-text-primary\">Asesoramiento empresarial<\/span><\/div><\/div><\/a><a class=\"x-anchor x-anchor-button e176-e14 m4w-c\" tabindex=\"0\" href=\"https:\/\/www.watacc.nl\/es\/administratieve-dienstverlening\/\"><div class=\"x-anchor-content\"><div class=\"x-anchor-text\"><span class=\"x-anchor-text-primary\">Servicios administrativos<\/span><\/div><\/div><\/a><a class=\"x-anchor x-anchor-button e176-e15 m4w-c\" tabindex=\"0\" href=\"https:\/\/www.watacc.nl\/es\/monitoren-groei\/\"><div class=\"x-anchor-content\"><div class=\"x-anchor-text\"><span class=\"x-anchor-text-primary\">Seguimiento del crecimiento<\/span><\/div><\/div><\/a><\/div><\/div><\/div><\/div><div class=\"x-section e176-e16 m4w-1 m4w-2\"><div class=\"x-bg\" aria-hidden=\"true\"><div class=\"x-bg-layer-lower-image\" data-x-element-bg-layer=\"{&quot;parallaxSize&quot;:&quot;150%&quot;,&quot;parallaxDir&quot;:&quot;v&quot;,&quot;parallaxRev&quot;:false}\" style=\" background-image: url(https:\/\/www.watacc.nl\/wp-content\/uploads\/2024\/08\/Achtergrond-test.jpg); background-repeat: no-repeat; background-position: center; background-size: cover;\"><\/div><\/div><div class=\"x-row e176-e17 m4w-3 m4w-4 m4w-7\"><div class=\"x-row-inner\"><div class=\"x-col e176-e18 m4w-8 m4w-9 m4w-b\"><h2  class=\"h-custom-headline h3\" style=\"color: hsl(0, 0%, 100%);margin-top:0px;\"><span>\u00bfSe busca contable, contable o tutor?\n<br><span style=\"color:#006f77;\">P\u00f3ngase en contacto con nosotros.<\/span><\/span><\/h2><a  class=\"x-btn x-btn-global\" style=\"margin-top:20px; text-shadow: none;\" href=\"https:\/\/www.watacc.nl\/es\/contact\/\"     data-options=\"thumbnail: ''\">P\u00f3ngase en contacto con nosotros<\/a><\/div><div class=\"x-col x-hide-sm x-hide-xs e176-e21 m4w-8 m4w-9\"><img decoding=\"async\"  class=\"x-img x-img-none\" style=\"margin-top:-40px;\" src=\"https:\/\/www.watacc.nl\/wp-content\/uploads\/2024\/09\/Waterland-Accountants-Adviseurs-Notitie-boek-element.png\" ><\/div><\/div><\/div><\/div><\/div>","protected":false},"excerpt":{"rendered":"<p>Salaris &#038; personeelJe kunt het je als ondernemer niet veroorloven steken te laten vallen bij de salarisafhandeling. Tegelijkertijd stelt complexere wetgeving je steeds weer voor nieuwe obstakels. Ons kantoor neemt deze taak graag van je over zodat jij je volledig kunt richten op de voortgang van het bedrijfsproces. Met onze online software heb je 24\/7 zicht op alle personeelsgegevens! Bekijk &#8230; <\/p>\n<div><a href=\"https:\/\/www.watacc.nl\/es\/salaris-personeel\/\" class=\"more-link\">Seguir leyendo<\/a><\/div>","protected":false},"author":2,"featured_media":0,"parent":0,"menu_order":0,"comment_status":"closed","ping_status":"closed","template":"template-blank-4.php","meta":{"rs_blank_template":"","rs_page_bg_color":"","slide_template_v7":"","footnotes":""},"class_list":["post-176","page","type-page","status-publish","hentry","no-post-thumbnail"],"yoast_head":"<!-- This site is optimized with the Yoast SEO plugin v27.5 - https:\/\/yoast.com\/product\/yoast-seo-wordpress\/ -->\n<title>Salaris &amp; personeel - Waterland Accountants &amp; Adviseurs<\/title>\n<meta name=\"robots\" content=\"index, follow, max-snippet:-1, max-image-preview:large, max-video-preview:-1\" \/>\n<link rel=\"canonical\" href=\"https:\/\/www.watacc.nl\/es\/salaris-personeel\/\" \/>\n<meta property=\"og:locale\" content=\"es_ES\" \/>\n<meta property=\"og:type\" content=\"article\" \/>\n<meta property=\"og:title\" content=\"Salaris &amp; personeel - Waterland Accountants &amp; Adviseurs\" \/>\n<meta property=\"og:description\" content=\"Salaris &amp; personeelJe kunt het je als ondernemer niet veroorloven steken te laten vallen bij de salarisafhandeling. Tegelijkertijd stelt complexere wetgeving je steeds weer voor nieuwe obstakels. Ons kantoor neemt deze taak graag van je over zodat jij je volledig kunt richten op de voortgang van het bedrijfsproces. Met onze online software heb je 24\/7 zicht op alle personeelsgegevens! Bekijk ... Read More\" \/>\n<meta property=\"og:url\" content=\"https:\/\/www.watacc.nl\/es\/salaris-personeel\/\" \/>\n<meta property=\"og:site_name\" content=\"Waterland Accountants &amp; Adviseurs\" \/>\n<meta property=\"article:modified_time\" content=\"2024-09-10T09:20:59+00:00\" \/>\n<meta name=\"twitter:card\" content=\"summary_large_image\" \/>\n<meta name=\"twitter:label1\" content=\"Tiempo de lectura\" \/>\n\t<meta name=\"twitter:data1\" content=\"2 minutos\" \/>\n<script type=\"application\/ld+json\" class=\"yoast-schema-graph\">{\"@context\":\"https:\\\/\\\/schema.org\",\"@graph\":[{\"@type\":\"WebPage\",\"@id\":\"https:\\\/\\\/www.watacc.nl\\\/salaris-personeel\\\/\",\"url\":\"https:\\\/\\\/www.watacc.nl\\\/salaris-personeel\\\/\",\"name\":\"Salaris &amp; personeel - Waterland Accountants &amp; Adviseurs\",\"isPartOf\":{\"@id\":\"https:\\\/\\\/www.watacc.nl\\\/#website\"},\"datePublished\":\"2024-08-29T10:08:58+00:00\",\"dateModified\":\"2024-09-10T09:20:59+00:00\",\"breadcrumb\":{\"@id\":\"https:\\\/\\\/www.watacc.nl\\\/salaris-personeel\\\/#breadcrumb\"},\"inLanguage\":\"es\",\"potentialAction\":[{\"@type\":\"ReadAction\",\"target\":[\"https:\\\/\\\/www.watacc.nl\\\/salaris-personeel\\\/\"]}]},{\"@type\":\"BreadcrumbList\",\"@id\":\"https:\\\/\\\/www.watacc.nl\\\/salaris-personeel\\\/#breadcrumb\",\"itemListElement\":[{\"@type\":\"ListItem\",\"position\":1,\"name\":\"Home\",\"item\":\"https:\\\/\\\/www.watacc.nl\\\/\"},{\"@type\":\"ListItem\",\"position\":2,\"name\":\"Salaris &amp; personeel\"}]},{\"@type\":\"WebSite\",\"@id\":\"https:\\\/\\\/www.watacc.nl\\\/#website\",\"url\":\"https:\\\/\\\/www.watacc.nl\\\/\",\"name\":\"Waterland Accountants & Adviseurs\",\"description\":\"Samen werkt beter!\",\"publisher\":{\"@id\":\"https:\\\/\\\/www.watacc.nl\\\/#organization\"},\"potentialAction\":[{\"@type\":\"SearchAction\",\"target\":{\"@type\":\"EntryPoint\",\"urlTemplate\":\"https:\\\/\\\/www.watacc.nl\\\/?s={search_term_string}\"},\"query-input\":{\"@type\":\"PropertyValueSpecification\",\"valueRequired\":true,\"valueName\":\"search_term_string\"}}],\"inLanguage\":\"es\"},{\"@type\":\"Organization\",\"@id\":\"https:\\\/\\\/www.watacc.nl\\\/#organization\",\"name\":\"Waterland Accountants & Adviseurs\",\"url\":\"https:\\\/\\\/www.watacc.nl\\\/\",\"logo\":{\"@type\":\"ImageObject\",\"inLanguage\":\"es\",\"@id\":\"https:\\\/\\\/www.watacc.nl\\\/#\\\/schema\\\/logo\\\/image\\\/\",\"url\":\"https:\\\/\\\/www.watacc.nl\\\/wp-content\\\/uploads\\\/2024\\\/08\\\/Waterland-accountants-adviseurs-logo-donker.png\",\"contentUrl\":\"https:\\\/\\\/www.watacc.nl\\\/wp-content\\\/uploads\\\/2024\\\/08\\\/Waterland-accountants-adviseurs-logo-donker.png\",\"width\":600,\"height\":180,\"caption\":\"Waterland Accountants & Adviseurs\"},\"image\":{\"@id\":\"https:\\\/\\\/www.watacc.nl\\\/#\\\/schema\\\/logo\\\/image\\\/\"}}]}<\/script>\n<!-- \/ Yoast SEO plugin. -->","yoast_head_json":{"title":"Salaris &amp; personeel - Waterland Accountants &amp; Adviseurs","robots":{"index":"index","follow":"follow","max-snippet":"max-snippet:-1","max-image-preview":"max-image-preview:large","max-video-preview":"max-video-preview:-1"},"canonical":"https:\/\/www.watacc.nl\/es\/salaris-personeel\/","og_locale":"es_ES","og_type":"article","og_title":"Salaris &amp; personeel - Waterland Accountants &amp; Adviseurs","og_description":"Salaris & personeelJe kunt het je als ondernemer niet veroorloven steken te laten vallen bij de salarisafhandeling. Tegelijkertijd stelt complexere wetgeving je steeds weer voor nieuwe obstakels. Ons kantoor neemt deze taak graag van je over zodat jij je volledig kunt richten op de voortgang van het bedrijfsproces. Met onze online software heb je 24\/7 zicht op alle personeelsgegevens! Bekijk ... Read More","og_url":"https:\/\/www.watacc.nl\/es\/salaris-personeel\/","og_site_name":"Waterland Accountants &amp; Adviseurs","article_modified_time":"2024-09-10T09:20:59+00:00","twitter_card":"summary_large_image","twitter_misc":{"Tiempo de lectura":"2 minutos"},"schema":{"@context":"https:\/\/schema.org","@graph":[{"@type":"WebPage","@id":"https:\/\/www.watacc.nl\/salaris-personeel\/","url":"https:\/\/www.watacc.nl\/salaris-personeel\/","name":"Salaris &amp; personeel - Waterland Accountants &amp; Adviseurs","isPartOf":{"@id":"https:\/\/www.watacc.nl\/#website"},"datePublished":"2024-08-29T10:08:58+00:00","dateModified":"2024-09-10T09:20:59+00:00","breadcrumb":{"@id":"https:\/\/www.watacc.nl\/salaris-personeel\/#breadcrumb"},"inLanguage":"es","potentialAction":[{"@type":"ReadAction","target":["https:\/\/www.watacc.nl\/salaris-personeel\/"]}]},{"@type":"BreadcrumbList","@id":"https:\/\/www.watacc.nl\/salaris-personeel\/#breadcrumb","itemListElement":[{"@type":"ListItem","position":1,"name":"Home","item":"https:\/\/www.watacc.nl\/"},{"@type":"ListItem","position":2,"name":"Salaris &amp; personeel"}]},{"@type":"WebSite","@id":"https:\/\/www.watacc.nl\/#website","url":"https:\/\/www.watacc.nl\/","name":"Waterland Contables y Asesores","description":"Juntos funciona mejor.","publisher":{"@id":"https:\/\/www.watacc.nl\/#organization"},"potentialAction":[{"@type":"SearchAction","target":{"@type":"EntryPoint","urlTemplate":"https:\/\/www.watacc.nl\/?s={search_term_string}"},"query-input":{"@type":"PropertyValueSpecification","valueRequired":true,"valueName":"search_term_string"}}],"inLanguage":"es"},{"@type":"Organization","@id":"https:\/\/www.watacc.nl\/#organization","name":"Waterland Contables y Asesores","url":"https:\/\/www.watacc.nl\/","logo":{"@type":"ImageObject","inLanguage":"es","@id":"https:\/\/www.watacc.nl\/#\/schema\/logo\/image\/","url":"https:\/\/www.watacc.nl\/wp-content\/uploads\/2024\/08\/Waterland-accountants-adviseurs-logo-donker.png","contentUrl":"https:\/\/www.watacc.nl\/wp-content\/uploads\/2024\/08\/Waterland-accountants-adviseurs-logo-donker.png","width":600,"height":180,"caption":"Waterland Accountants & Adviseurs"},"image":{"@id":"https:\/\/www.watacc.nl\/#\/schema\/logo\/image\/"}}]}},"_links":{"self":[{"href":"https:\/\/www.watacc.nl\/es\/wp-json\/wp\/v2\/pages\/176","targetHints":{"allow":["GET"]}}],"collection":[{"href":"https:\/\/www.watacc.nl\/es\/wp-json\/wp\/v2\/pages"}],"about":[{"href":"https:\/\/www.watacc.nl\/es\/wp-json\/wp\/v2\/types\/page"}],"author":[{"embeddable":true,"href":"https:\/\/www.watacc.nl\/es\/wp-json\/wp\/v2\/users\/2"}],"replies":[{"embeddable":true,"href":"https:\/\/www.watacc.nl\/es\/wp-json\/wp\/v2\/comments?post=176"}],"version-history":[{"count":5,"href":"https:\/\/www.watacc.nl\/es\/wp-json\/wp\/v2\/pages\/176\/revisions"}],"predecessor-version":[{"id":305,"href":"https:\/\/www.watacc.nl\/es\/wp-json\/wp\/v2\/pages\/176\/revisions\/305"}],"wp:attachment":[{"href":"https:\/\/www.watacc.nl\/es\/wp-json\/wp\/v2\/media?parent=176"}],"curies":[{"name":"wp","href":"https:\/\/api.w.org\/{rel}","templated":true}]}}