{"id":160,"date":"2024-08-29T12:08:58","date_gmt":"2024-08-29T10:08:58","guid":{"rendered":"http:\/\/85.10.155.125\/~watacc\/?page_id=160"},"modified":"2024-09-10T11:18:52","modified_gmt":"2024-09-10T09:18:52","slug":"financiele-planning","status":"publish","type":"page","link":"https:\/\/www.watacc.nl\/es\/financiele-planning\/","title":{"rendered":"Planificaci\u00f3n financiera"},"content":{"rendered":"<div id=\"cs-content\" class=\"cs-content\"><div class=\"x-section e160-e1 m4g-0 m4g-1\"><div class=\"x-row e160-e2 m4g-3 m4g-4 m4g-5\"><div class=\"x-row-inner\"><div class=\"x-col e160-e3 m4g-8 m4g-9\"><h1  class=\"h-custom-headline h3\" style=\"color: #006e78;margin-top:0px; margin-bottom:20px;\"><span>Planificaci\u00f3n financiera<\/span><\/h1><\/div><\/div><\/div><div class=\"x-row e160-e5 m4g-3 m4g-4 m4g-6\"><div class=\"x-row-inner\"><div class=\"x-col e160-e6 m4g-8 m4g-9\"><div id=\"\" class=\"x-text\" style=\"\" ><p>Tranquilidad financiera, \u00bfqui\u00e9n no quiere eso? Saber a qu\u00e9 atenerse, ahora y en el futuro. Seguridad financiera, incluso en caso de calamidad. Con Waterland Accountants, sabr\u00e1 a qu\u00e9 atenerse. \u00bfNecesito hacer ajustes o todo va seg\u00fan lo previsto?<\/p>\n<p>Junto con usted, determinamos sus deseos y objetivos y trazamos la ruta. Nuestra planificaci\u00f3n determina con precisi\u00f3n su situaci\u00f3n financiera para el futuro. \u00bfCu\u00e1ndo puedo jubilarme? \u00bfCu\u00e1nto tiempo me falta para alcanzar mis objetivos?<\/p>\n<p>Pero tambi\u00e9n se describen situaciones de emergencia. \u00bfTengo todo en orden? \u00bfQu\u00e9 ocurre si quedo incapacitado o, peor a\u00fan, si muero? Con Waterland Accountants, usted gana en comprensi\u00f3n y tiene el control.<\/p>\n<\/div><\/div><div class=\"x-col e160-e8 m4g-8 m4g-a\"><h1  class=\"h-custom-headline h5\" style=\"color: #006e78;margin-top:0px;  font-size: 105%;     line-height: 1.2;\"><span>Consulte nuestros otros servicios:<\/span><\/h1><a class=\"x-anchor x-anchor-button e160-e10 m4g-c\" tabindex=\"0\" href=\"https:\/\/www.watacc.nl\/es\/accountancy\/\"><div class=\"x-anchor-content\"><div class=\"x-anchor-text\"><span class=\"x-anchor-text-primary\">Contabilidad<\/span><\/div><\/div><\/a><a class=\"x-anchor x-anchor-button e160-e11 m4g-c\" tabindex=\"0\" href=\"https:\/\/www.watacc.nl\/es\/fiscaal\/\"><div class=\"x-anchor-content\"><div class=\"x-anchor-text\"><span class=\"x-anchor-text-primary\">Impuesto<\/span><\/div><\/div><\/a><a class=\"x-anchor x-anchor-button e160-e12 m4g-c\" tabindex=\"0\" href=\"https:\/\/www.watacc.nl\/es\/bedrijfsadvies\/\"><div class=\"x-anchor-content\"><div class=\"x-anchor-text\"><span class=\"x-anchor-text-primary\">Asesoramiento empresarial<\/span><\/div><\/div><\/a><a class=\"x-anchor x-anchor-button e160-e13 m4g-c\" tabindex=\"0\" href=\"https:\/\/www.watacc.nl\/es\/administratieve-dienstverlening\/\"><div class=\"x-anchor-content\"><div class=\"x-anchor-text\"><span class=\"x-anchor-text-primary\">Servicios administrativos<\/span><\/div><\/div><\/a><a class=\"x-anchor x-anchor-button e160-e14 m4g-c\" tabindex=\"0\" href=\"https:\/\/www.watacc.nl\/es\/salaris-personeel\/\"><div class=\"x-anchor-content\"><div class=\"x-anchor-text\"><span class=\"x-anchor-text-primary\">Salario y personal<\/span><\/div><\/div><\/a><a class=\"x-anchor x-anchor-button e160-e15 m4g-c\" tabindex=\"0\" href=\"https:\/\/www.watacc.nl\/es\/monitoren-groei\/\"><div class=\"x-anchor-content\"><div class=\"x-anchor-text\"><span class=\"x-anchor-text-primary\">Seguimiento del crecimiento<\/span><\/div><\/div><\/a><\/div><\/div><\/div><\/div><div class=\"x-section e160-e16 m4g-1 m4g-2\"><div class=\"x-bg\" aria-hidden=\"true\"><div class=\"x-bg-layer-lower-image\" data-x-element-bg-layer=\"{&quot;parallaxSize&quot;:&quot;150%&quot;,&quot;parallaxDir&quot;:&quot;v&quot;,&quot;parallaxRev&quot;:false}\" style=\" background-image: url(https:\/\/www.watacc.nl\/wp-content\/uploads\/2024\/08\/Achtergrond-test.jpg); background-repeat: no-repeat; background-position: center; background-size: cover;\"><\/div><\/div><div class=\"x-row e160-e17 m4g-3 m4g-4 m4g-7\"><div class=\"x-row-inner\"><div class=\"x-col e160-e18 m4g-8 m4g-9 m4g-b\"><h2  class=\"h-custom-headline h3\" style=\"color: hsl(0, 0%, 100%);margin-top:0px;\"><span>\u00bfSe busca contable, contable o tutor?\n<br><span style=\"color:#006f77;\">P\u00f3ngase en contacto con nosotros.<\/span><\/span><\/h2><a  class=\"x-btn x-btn-global\" style=\"margin-top:20px; text-shadow: none;\" href=\"https:\/\/www.watacc.nl\/es\/contact\/\"     data-options=\"thumbnail: ''\">P\u00f3ngase en contacto con nosotros<\/a><\/div><div class=\"x-col x-hide-sm x-hide-xs e160-e21 m4g-8 m4g-9\"><img decoding=\"async\"  class=\"x-img x-img-none\" style=\"margin-top:-40px;\" src=\"https:\/\/www.watacc.nl\/wp-content\/uploads\/2024\/09\/Waterland-Accountants-Adviseurs-Notitie-boek-element.png\" ><\/div><\/div><\/div><\/div><\/div>","protected":false},"excerpt":{"rendered":"<p>Financi\u00eble planningFinanci\u00eble rust, wie wil dat niet? Weten waar je aan toe bent, nu en voor de toekomst. Financi\u00eble zekerheid, ook bij onheil. Met Waterland Accountants weet je waar je aan toe bent. Moet ik bijsturen of gaat alles volgens planning? Samen met jou bepalen we jouw wensen en doelen en stippelen we de route uit. Onze planning bepaalt nauwkeurig &#8230; <\/p>\n<div><a href=\"https:\/\/www.watacc.nl\/es\/financiele-planning\/\" class=\"more-link\">Seguir leyendo<\/a><\/div>","protected":false},"author":2,"featured_media":0,"parent":0,"menu_order":0,"comment_status":"closed","ping_status":"closed","template":"template-blank-4.php","meta":{"rs_blank_template":"","rs_page_bg_color":"","slide_template_v7":"","footnotes":""},"class_list":["post-160","page","type-page","status-publish","hentry","no-post-thumbnail"],"yoast_head":"<!-- This site is optimized with the Yoast SEO plugin v27.5 - https:\/\/yoast.com\/product\/yoast-seo-wordpress\/ -->\n<title>Financi\u00eble planning - Waterland Accountants &amp; Adviseurs<\/title>\n<meta name=\"robots\" content=\"index, follow, max-snippet:-1, max-image-preview:large, max-video-preview:-1\" \/>\n<link rel=\"canonical\" href=\"https:\/\/www.watacc.nl\/es\/financiele-planning\/\" \/>\n<meta property=\"og:locale\" content=\"es_ES\" \/>\n<meta property=\"og:type\" content=\"article\" \/>\n<meta property=\"og:title\" content=\"Financi\u00eble planning - Waterland Accountants &amp; Adviseurs\" \/>\n<meta property=\"og:description\" content=\"Financi\u00eble planningFinanci\u00eble rust, wie wil dat niet? Weten waar je aan toe bent, nu en voor de toekomst. Financi\u00eble zekerheid, ook bij onheil. Met Waterland Accountants weet je waar je aan toe bent. Moet ik bijsturen of gaat alles volgens planning? Samen met jou bepalen we jouw wensen en doelen en stippelen we de route uit. Onze planning bepaalt nauwkeurig ... Read More\" \/>\n<meta property=\"og:url\" content=\"https:\/\/www.watacc.nl\/es\/financiele-planning\/\" \/>\n<meta property=\"og:site_name\" content=\"Waterland Accountants &amp; Adviseurs\" \/>\n<meta property=\"article:modified_time\" content=\"2024-09-10T09:18:52+00:00\" \/>\n<meta name=\"twitter:card\" content=\"summary_large_image\" \/>\n<meta name=\"twitter:label1\" content=\"Tiempo de lectura\" \/>\n\t<meta name=\"twitter:data1\" content=\"2 minutos\" \/>\n<script type=\"application\/ld+json\" class=\"yoast-schema-graph\">{\"@context\":\"https:\\\/\\\/schema.org\",\"@graph\":[{\"@type\":\"WebPage\",\"@id\":\"https:\\\/\\\/www.watacc.nl\\\/financiele-planning\\\/\",\"url\":\"https:\\\/\\\/www.watacc.nl\\\/financiele-planning\\\/\",\"name\":\"Financi\u00eble planning - Waterland Accountants &amp; Adviseurs\",\"isPartOf\":{\"@id\":\"https:\\\/\\\/www.watacc.nl\\\/#website\"},\"datePublished\":\"2024-08-29T10:08:58+00:00\",\"dateModified\":\"2024-09-10T09:18:52+00:00\",\"breadcrumb\":{\"@id\":\"https:\\\/\\\/www.watacc.nl\\\/financiele-planning\\\/#breadcrumb\"},\"inLanguage\":\"es\",\"potentialAction\":[{\"@type\":\"ReadAction\",\"target\":[\"https:\\\/\\\/www.watacc.nl\\\/financiele-planning\\\/\"]}]},{\"@type\":\"BreadcrumbList\",\"@id\":\"https:\\\/\\\/www.watacc.nl\\\/financiele-planning\\\/#breadcrumb\",\"itemListElement\":[{\"@type\":\"ListItem\",\"position\":1,\"name\":\"Home\",\"item\":\"https:\\\/\\\/www.watacc.nl\\\/\"},{\"@type\":\"ListItem\",\"position\":2,\"name\":\"Financi\u00eble planning\"}]},{\"@type\":\"WebSite\",\"@id\":\"https:\\\/\\\/www.watacc.nl\\\/#website\",\"url\":\"https:\\\/\\\/www.watacc.nl\\\/\",\"name\":\"Waterland Accountants & Adviseurs\",\"description\":\"Samen werkt beter!\",\"publisher\":{\"@id\":\"https:\\\/\\\/www.watacc.nl\\\/#organization\"},\"potentialAction\":[{\"@type\":\"SearchAction\",\"target\":{\"@type\":\"EntryPoint\",\"urlTemplate\":\"https:\\\/\\\/www.watacc.nl\\\/?s={search_term_string}\"},\"query-input\":{\"@type\":\"PropertyValueSpecification\",\"valueRequired\":true,\"valueName\":\"search_term_string\"}}],\"inLanguage\":\"es\"},{\"@type\":\"Organization\",\"@id\":\"https:\\\/\\\/www.watacc.nl\\\/#organization\",\"name\":\"Waterland Accountants & Adviseurs\",\"url\":\"https:\\\/\\\/www.watacc.nl\\\/\",\"logo\":{\"@type\":\"ImageObject\",\"inLanguage\":\"es\",\"@id\":\"https:\\\/\\\/www.watacc.nl\\\/#\\\/schema\\\/logo\\\/image\\\/\",\"url\":\"https:\\\/\\\/www.watacc.nl\\\/wp-content\\\/uploads\\\/2024\\\/08\\\/Waterland-accountants-adviseurs-logo-donker.png\",\"contentUrl\":\"https:\\\/\\\/www.watacc.nl\\\/wp-content\\\/uploads\\\/2024\\\/08\\\/Waterland-accountants-adviseurs-logo-donker.png\",\"width\":600,\"height\":180,\"caption\":\"Waterland Accountants & Adviseurs\"},\"image\":{\"@id\":\"https:\\\/\\\/www.watacc.nl\\\/#\\\/schema\\\/logo\\\/image\\\/\"}}]}<\/script>\n<!-- \/ Yoast SEO plugin. -->","yoast_head_json":{"title":"Financi\u00eble planning - Waterland Accountants &amp; Adviseurs","robots":{"index":"index","follow":"follow","max-snippet":"max-snippet:-1","max-image-preview":"max-image-preview:large","max-video-preview":"max-video-preview:-1"},"canonical":"https:\/\/www.watacc.nl\/es\/financiele-planning\/","og_locale":"es_ES","og_type":"article","og_title":"Financi\u00eble planning - Waterland Accountants &amp; Adviseurs","og_description":"Financi\u00eble planningFinanci\u00eble rust, wie wil dat niet? Weten waar je aan toe bent, nu en voor de toekomst. Financi\u00eble zekerheid, ook bij onheil. Met Waterland Accountants weet je waar je aan toe bent. Moet ik bijsturen of gaat alles volgens planning? Samen met jou bepalen we jouw wensen en doelen en stippelen we de route uit. Onze planning bepaalt nauwkeurig ... Read More","og_url":"https:\/\/www.watacc.nl\/es\/financiele-planning\/","og_site_name":"Waterland Accountants &amp; Adviseurs","article_modified_time":"2024-09-10T09:18:52+00:00","twitter_card":"summary_large_image","twitter_misc":{"Tiempo de lectura":"2 minutos"},"schema":{"@context":"https:\/\/schema.org","@graph":[{"@type":"WebPage","@id":"https:\/\/www.watacc.nl\/financiele-planning\/","url":"https:\/\/www.watacc.nl\/financiele-planning\/","name":"Financi\u00eble planning - Waterland Accountants &amp; Adviseurs","isPartOf":{"@id":"https:\/\/www.watacc.nl\/#website"},"datePublished":"2024-08-29T10:08:58+00:00","dateModified":"2024-09-10T09:18:52+00:00","breadcrumb":{"@id":"https:\/\/www.watacc.nl\/financiele-planning\/#breadcrumb"},"inLanguage":"es","potentialAction":[{"@type":"ReadAction","target":["https:\/\/www.watacc.nl\/financiele-planning\/"]}]},{"@type":"BreadcrumbList","@id":"https:\/\/www.watacc.nl\/financiele-planning\/#breadcrumb","itemListElement":[{"@type":"ListItem","position":1,"name":"Home","item":"https:\/\/www.watacc.nl\/"},{"@type":"ListItem","position":2,"name":"Financi\u00eble planning"}]},{"@type":"WebSite","@id":"https:\/\/www.watacc.nl\/#website","url":"https:\/\/www.watacc.nl\/","name":"Waterland Contables y Asesores","description":"Juntos funciona mejor.","publisher":{"@id":"https:\/\/www.watacc.nl\/#organization"},"potentialAction":[{"@type":"SearchAction","target":{"@type":"EntryPoint","urlTemplate":"https:\/\/www.watacc.nl\/?s={search_term_string}"},"query-input":{"@type":"PropertyValueSpecification","valueRequired":true,"valueName":"search_term_string"}}],"inLanguage":"es"},{"@type":"Organization","@id":"https:\/\/www.watacc.nl\/#organization","name":"Waterland Contables y Asesores","url":"https:\/\/www.watacc.nl\/","logo":{"@type":"ImageObject","inLanguage":"es","@id":"https:\/\/www.watacc.nl\/#\/schema\/logo\/image\/","url":"https:\/\/www.watacc.nl\/wp-content\/uploads\/2024\/08\/Waterland-accountants-adviseurs-logo-donker.png","contentUrl":"https:\/\/www.watacc.nl\/wp-content\/uploads\/2024\/08\/Waterland-accountants-adviseurs-logo-donker.png","width":600,"height":180,"caption":"Waterland Accountants & Adviseurs"},"image":{"@id":"https:\/\/www.watacc.nl\/#\/schema\/logo\/image\/"}}]}},"_links":{"self":[{"href":"https:\/\/www.watacc.nl\/es\/wp-json\/wp\/v2\/pages\/160","targetHints":{"allow":["GET"]}}],"collection":[{"href":"https:\/\/www.watacc.nl\/es\/wp-json\/wp\/v2\/pages"}],"about":[{"href":"https:\/\/www.watacc.nl\/es\/wp-json\/wp\/v2\/types\/page"}],"author":[{"embeddable":true,"href":"https:\/\/www.watacc.nl\/es\/wp-json\/wp\/v2\/users\/2"}],"replies":[{"embeddable":true,"href":"https:\/\/www.watacc.nl\/es\/wp-json\/wp\/v2\/comments?post=160"}],"version-history":[{"count":5,"href":"https:\/\/www.watacc.nl\/es\/wp-json\/wp\/v2\/pages\/160\/revisions"}],"predecessor-version":[{"id":302,"href":"https:\/\/www.watacc.nl\/es\/wp-json\/wp\/v2\/pages\/160\/revisions\/302"}],"wp:attachment":[{"href":"https:\/\/www.watacc.nl\/es\/wp-json\/wp\/v2\/media?parent=160"}],"curies":[{"name":"wp","href":"https:\/\/api.w.org\/{rel}","templated":true}]}}