{"id":153,"date":"2024-08-28T15:46:12","date_gmt":"2024-08-28T13:46:12","guid":{"rendered":"http:\/\/85.10.155.125\/~watacc\/?page_id=153"},"modified":"2024-09-23T16:24:21","modified_gmt":"2024-09-23T14:24:21","slug":"accountant-in-landsmeer","status":"publish","type":"page","link":"https:\/\/www.watacc.nl\/es\/accountant-in-landsmeer\/","title":{"rendered":"Contable en Landsmeer"},"content":{"rendered":"<div id=\"cs-content\" class=\"cs-content\"><div class=\"x-section e153-e1 m49-0 m49-1\"><div class=\"x-row e153-e2 m49-3 m49-4 m49-5\"><div class=\"x-row-inner\"><div class=\"x-col e153-e3 m49-8 m49-9\"><h1  class=\"h-custom-headline h3\" style=\"color: #006e78;margin-top:0px; margin-bottom:10px;\"><span>Contable en Landsmeer<\/span><\/h1><\/div><\/div><\/div><div class=\"x-row e153-e5 m49-3 m49-4 m49-6\"><div class=\"x-row-inner\"><div class=\"x-col e153-e6 m49-8 m49-9\"><div id=\"\" class=\"x-text\" style=\"\" ><p>\u00bfBusca un contable cerca de Landsmeer? \u00bfHa llegado la hora de hacer las cuentas anuales? \u00bfO necesita asesoramiento para su empresa? La administraci\u00f3n financiera puede ser un trabajo enorme. En Waterland Accountants podemos ayudarle. Puede acudir a nosotros para todo tipo de cuestiones relacionadas con las finanzas.<\/p>\n<\/div><a  class=\"x-btn x-btn-global\" style=\"margin-top:0px; margin-bottom:30px; text-shadow: none;\" href=\"#contact\"     data-options=\"thumbnail: ''\">P\u00f3ngase en contacto con nosotros<\/a><h1  class=\"h-custom-headline h4\" style=\"color: #006e78;margin-top:0px; margin-bottom:10px;\"><span>Nuestros servicios<\/span><\/h1><div id=\"\" class=\"x-text\" style=\"\" ><p>Si busca un contable en Landsmeer o alrededores, ha llegado al lugar adecuado. Ofrecemos muchos servicios y, por lo tanto, podemos ayudarle con muchos problemas diferentes. Desde la supervisi\u00f3n de su crecimiento (financiero) hasta la organizaci\u00f3n del salario de su personal, como contable en Landsmeer podemos ocuparnos de todo por usted.<\/p>\n<\/div><h1  class=\"h-custom-headline h4\" style=\"color: #006e78;margin-top:0px; margin-bottom:10px;\"><span>Un campo especial<\/span><\/h1><div id=\"\" class=\"x-text\" style=\"\" ><p>Como contable en Landsmeer, tiene tareas muy importantes que implican informaci\u00f3n sensible. Por supuesto, no cualquiera puede ser contable. De hecho, todo contable de Landsmeer debe estar inscrito en el registro de la Real Organizaci\u00f3n Profesional Neerlandesa.<\/p>\n<p>Nos lo tomamos muy en serio, por eso tratamos sus datos e informaci\u00f3n con sumo cuidado. Puede confiarnos sus tareas financieras para que no tenga que preocuparse de cifras y c\u00e1lculos, \u00a1nosotros nos encargamos!<\/p>\n<\/div><h1  class=\"h-custom-headline h4\" style=\"color: #006e78;margin-top:0px; margin-bottom:10px;\"><span>Una empresa de contabilidad cerca de Landsmeer con ambici\u00f3n<\/span><\/h1><div id=\"\" class=\"x-text\" style=\"\" ><p>Como contable en Landsmeer, tiene tareas muy importantes que implican informaci\u00f3n sensible. Por supuesto, no cualquiera puede ser contable. De hecho, todo contable de Landsmeer debe estar inscrito en el registro de la Real Organizaci\u00f3n Profesional Neerlandesa.<\/p>\n<p>Nos lo tomamos muy en serio y tratamos sus datos e informaci\u00f3n con sumo cuidado. Puede delegarnos sus tareas financieras para no tener que preocuparse por ellas. Trabajamos a diario con empresarios ambiciosos con grandes planes. Como contables en Landsmeer, sabemos lo que es la calidad, y sin duda la ofrecemos. Nos gusta mirar al futuro con usted. Adem\u00e1s de las tareas est\u00e1ndar que realiza un contable, tambi\u00e9n disponemos de servicios adicionales y de ampliaci\u00f3n que pueden ayudarle con su negocio. Tambi\u00e9n puede acudir a nosotros para asesoramiento empresarial y planificaci\u00f3n financiera! Si sabe de cifras y c\u00e1lculos, \u00a1nosotros nos encargamos!<\/p>\n<\/div><\/div><div class=\"x-col e153-e15 m49-8 m49-a\"><h1  class=\"h-custom-headline h5\" style=\"color: #006e78;margin-top:0px;  font-size: 105%;     line-height: 1.2;\"><span>Otras regiones:<\/span><\/h1><a class=\"x-anchor x-anchor-button e153-e17 m49-c\" tabindex=\"0\" href=\"#\"><div class=\"x-anchor-content\"><div class=\"x-anchor-text\"><span class=\"x-anchor-text-primary\">Zaandam<\/span><\/div><\/div><\/a><a class=\"x-anchor x-anchor-button e153-e18 m49-c\" tabindex=\"0\" href=\"#\"><div class=\"x-anchor-content\"><div class=\"x-anchor-text\"><span class=\"x-anchor-text-primary\">Purmerend<\/span><\/div><\/div><\/a><a class=\"x-anchor x-anchor-button e153-e19 m49-c\" tabindex=\"0\" href=\"#\"><div class=\"x-anchor-content\"><div class=\"x-anchor-text\"><span class=\"x-anchor-text-primary\">Bocina<\/span><\/div><\/div><\/a><a class=\"x-anchor x-anchor-button e153-e20 m49-c\" tabindex=\"0\" href=\"#\"><div class=\"x-anchor-content\"><div class=\"x-anchor-text\"><span class=\"x-anchor-text-primary\">Volendam<\/span><\/div><\/div><\/a><\/div><\/div><\/div><\/div><div class=\"x-section e153-e21 m49-1 m49-2\" id=\"contact\"><div class=\"x-bg\" aria-hidden=\"true\"><div class=\"x-bg-layer-lower-image\" data-x-element-bg-layer=\"{&quot;parallaxSize&quot;:&quot;150%&quot;,&quot;parallaxDir&quot;:&quot;v&quot;,&quot;parallaxRev&quot;:false}\" style=\" background-image: url(https:\/\/www.watacc.nl\/wp-content\/uploads\/2024\/08\/Achtergrond-test.jpg); background-repeat: no-repeat; background-position: center; background-size: cover;\"><\/div><\/div><div class=\"x-row e153-e22 m49-3 m49-4 m49-7\"><div class=\"x-row-inner\"><div class=\"x-col e153-e23 m49-8 m49-9 m49-b\"><h2  class=\"h-custom-headline h3\" style=\"color: hsl(0, 0%, 100%);margin-top:0px;\"><span><span style=\"color:#006f77;\">Cambiar ahora <\/span>en Landsmeer <span style=\"color:#006f77;\">\u00a1un contable!<span><\/span><\/h2><div id=\"\" class=\"x-text\" style=\"color:#fff;\" ><p>A un contable le gusta pensar con usted en la direcci\u00f3n y el futuro de su empresa. No s\u00f3lo desde el punto de vista financiero, sino tambi\u00e9n en todos los dem\u00e1s \u00e1mbitos. \u00bfNecesita un contable en Landsmeer? Entonces nuestra empresa de contabilidad Waterland Accountants puede ayudarle.<\/p>\n<p>\u00bfTiene curiosidad? \u00bfLe gustar\u00eda conocer a nuestros contables? Entonces p\u00f3ngase en contacto con nosotros llamando al 0299-434561 o enviando un correo electr\u00f3nico a info@watacc.nl. \u00a1Su contable en Landsmeer le est\u00e1 esperando!<\/p>\n<\/div><a  class=\"x-btn x-btn-global\" style=\"margin-top:20px; text-shadow: none;\" href=\"#\"     data-options=\"thumbnail: ''\">P\u00f3ngase en contacto con nosotros<\/a><\/div><div class=\"x-col x-hide-sm x-hide-xs e153-e27 m49-8 m49-9\"><img decoding=\"async\"  class=\"x-img x-img-none\" style=\"margin-top:-40px;\" src=\"https:\/\/www.watacc.nl\/wp-content\/uploads\/2024\/08\/Waterland-Accountants-Adviseurs-Notitie.png\" ><\/div><\/div><\/div><\/div><\/div>","protected":false},"excerpt":{"rendered":"<p>Accountant in LandsmeerZoek jij een accountant nabij Landsmeer? Is het weer tijd voor de jaarlijkse jaarrekening? Of heb je wat advies nodig voor je onderneming? Financi\u00eble administratie kan een enorme klus zijn. Wij bij Waterland Accountants kunnen je helpen! Bij ons kun je terecht voor allerlei vragen die te maken hebben met financi\u00ebn. Contact opnemenOnze servicesAls je een accountant in &#8230; <\/p>\n<div><a href=\"https:\/\/www.watacc.nl\/es\/accountant-in-landsmeer\/\" class=\"more-link\">Seguir leyendo<\/a><\/div>","protected":false},"author":2,"featured_media":0,"parent":0,"menu_order":0,"comment_status":"closed","ping_status":"closed","template":"template-blank-4.php","meta":{"rs_blank_template":"","rs_page_bg_color":"","slide_template_v7":"","footnotes":""},"class_list":["post-153","page","type-page","status-publish","hentry","no-post-thumbnail"],"yoast_head":"<!-- This site is optimized with the Yoast SEO plugin v27.5 - https:\/\/yoast.com\/product\/yoast-seo-wordpress\/ -->\n<title>Accountant in Landsmeer - Waterland Accountants &amp; Adviseurs<\/title>\n<meta name=\"description\" content=\"Zoek jij een accountant nabij Landsmeer? Is het weer tijd voor de jaarlijkse jaarrekening? Of heb je wat advies nodig voor je onderneming? Financi\u00eble administratie kan een enorme klus zijn. Wij bij Waterland Accountants kunnen je helpen! Bij ons kun je terecht voor allerlei vragen die te maken hebben met financi\u00ebn\" \/>\n<meta name=\"robots\" content=\"index, follow, max-snippet:-1, max-image-preview:large, max-video-preview:-1\" \/>\n<link rel=\"canonical\" href=\"https:\/\/www.watacc.nl\/es\/accountant-in-landsmeer\/\" \/>\n<meta property=\"og:locale\" content=\"es_ES\" \/>\n<meta property=\"og:type\" content=\"article\" \/>\n<meta property=\"og:title\" content=\"Accountant in Landsmeer - Waterland Accountants &amp; Adviseurs\" \/>\n<meta property=\"og:description\" content=\"Zoek jij een accountant nabij Landsmeer? Is het weer tijd voor de jaarlijkse jaarrekening? Of heb je wat advies nodig voor je onderneming? Financi\u00eble administratie kan een enorme klus zijn. Wij bij Waterland Accountants kunnen je helpen! Bij ons kun je terecht voor allerlei vragen die te maken hebben met financi\u00ebn\" \/>\n<meta property=\"og:url\" content=\"https:\/\/www.watacc.nl\/es\/accountant-in-landsmeer\/\" \/>\n<meta property=\"og:site_name\" content=\"Waterland Accountants &amp; Adviseurs\" \/>\n<meta property=\"article:modified_time\" content=\"2024-09-23T14:24:21+00:00\" \/>\n<meta name=\"twitter:card\" content=\"summary_large_image\" \/>\n<meta name=\"twitter:label1\" content=\"Tiempo de lectura\" \/>\n\t<meta name=\"twitter:data1\" content=\"6 minutos\" \/>\n<script type=\"application\/ld+json\" class=\"yoast-schema-graph\">{\"@context\":\"https:\\\/\\\/schema.org\",\"@graph\":[{\"@type\":\"WebPage\",\"@id\":\"https:\\\/\\\/www.watacc.nl\\\/accountant-in-landsmeer\\\/\",\"url\":\"https:\\\/\\\/www.watacc.nl\\\/accountant-in-landsmeer\\\/\",\"name\":\"Accountant in Landsmeer - Waterland Accountants &amp; Adviseurs\",\"isPartOf\":{\"@id\":\"https:\\\/\\\/www.watacc.nl\\\/#website\"},\"datePublished\":\"2024-08-28T13:46:12+00:00\",\"dateModified\":\"2024-09-23T14:24:21+00:00\",\"description\":\"Zoek jij een accountant nabij Landsmeer? Is het weer tijd voor de jaarlijkse jaarrekening? Of heb je wat advies nodig voor je onderneming? Financi\u00eble administratie kan een enorme klus zijn. Wij bij Waterland Accountants kunnen je helpen! Bij ons kun je terecht voor allerlei vragen die te maken hebben met financi\u00ebn\",\"breadcrumb\":{\"@id\":\"https:\\\/\\\/www.watacc.nl\\\/accountant-in-landsmeer\\\/#breadcrumb\"},\"inLanguage\":\"es\",\"potentialAction\":[{\"@type\":\"ReadAction\",\"target\":[\"https:\\\/\\\/www.watacc.nl\\\/accountant-in-landsmeer\\\/\"]}]},{\"@type\":\"BreadcrumbList\",\"@id\":\"https:\\\/\\\/www.watacc.nl\\\/accountant-in-landsmeer\\\/#breadcrumb\",\"itemListElement\":[{\"@type\":\"ListItem\",\"position\":1,\"name\":\"Home\",\"item\":\"https:\\\/\\\/www.watacc.nl\\\/\"},{\"@type\":\"ListItem\",\"position\":2,\"name\":\"Accountant in Landsmeer\"}]},{\"@type\":\"WebSite\",\"@id\":\"https:\\\/\\\/www.watacc.nl\\\/#website\",\"url\":\"https:\\\/\\\/www.watacc.nl\\\/\",\"name\":\"Waterland Accountants & Adviseurs\",\"description\":\"Samen werkt beter!\",\"publisher\":{\"@id\":\"https:\\\/\\\/www.watacc.nl\\\/#organization\"},\"potentialAction\":[{\"@type\":\"SearchAction\",\"target\":{\"@type\":\"EntryPoint\",\"urlTemplate\":\"https:\\\/\\\/www.watacc.nl\\\/?s={search_term_string}\"},\"query-input\":{\"@type\":\"PropertyValueSpecification\",\"valueRequired\":true,\"valueName\":\"search_term_string\"}}],\"inLanguage\":\"es\"},{\"@type\":\"Organization\",\"@id\":\"https:\\\/\\\/www.watacc.nl\\\/#organization\",\"name\":\"Waterland Accountants & Adviseurs\",\"url\":\"https:\\\/\\\/www.watacc.nl\\\/\",\"logo\":{\"@type\":\"ImageObject\",\"inLanguage\":\"es\",\"@id\":\"https:\\\/\\\/www.watacc.nl\\\/#\\\/schema\\\/logo\\\/image\\\/\",\"url\":\"https:\\\/\\\/www.watacc.nl\\\/wp-content\\\/uploads\\\/2024\\\/08\\\/Waterland-accountants-adviseurs-logo-donker.png\",\"contentUrl\":\"https:\\\/\\\/www.watacc.nl\\\/wp-content\\\/uploads\\\/2024\\\/08\\\/Waterland-accountants-adviseurs-logo-donker.png\",\"width\":600,\"height\":180,\"caption\":\"Waterland Accountants & Adviseurs\"},\"image\":{\"@id\":\"https:\\\/\\\/www.watacc.nl\\\/#\\\/schema\\\/logo\\\/image\\\/\"}}]}<\/script>\n<!-- \/ Yoast SEO plugin. -->","yoast_head_json":{"title":"Accountant in Landsmeer - Waterland Accountants &amp; Adviseurs","description":"Zoek jij een accountant nabij Landsmeer? Is het weer tijd voor de jaarlijkse jaarrekening? Of heb je wat advies nodig voor je onderneming? Financi\u00eble administratie kan een enorme klus zijn. Wij bij Waterland Accountants kunnen je helpen! Bij ons kun je terecht voor allerlei vragen die te maken hebben met financi\u00ebn","robots":{"index":"index","follow":"follow","max-snippet":"max-snippet:-1","max-image-preview":"max-image-preview:large","max-video-preview":"max-video-preview:-1"},"canonical":"https:\/\/www.watacc.nl\/es\/accountant-in-landsmeer\/","og_locale":"es_ES","og_type":"article","og_title":"Accountant in Landsmeer - Waterland Accountants &amp; Adviseurs","og_description":"Zoek jij een accountant nabij Landsmeer? Is het weer tijd voor de jaarlijkse jaarrekening? Of heb je wat advies nodig voor je onderneming? Financi\u00eble administratie kan een enorme klus zijn. Wij bij Waterland Accountants kunnen je helpen! Bij ons kun je terecht voor allerlei vragen die te maken hebben met financi\u00ebn","og_url":"https:\/\/www.watacc.nl\/es\/accountant-in-landsmeer\/","og_site_name":"Waterland Accountants &amp; Adviseurs","article_modified_time":"2024-09-23T14:24:21+00:00","twitter_card":"summary_large_image","twitter_misc":{"Tiempo de lectura":"6 minutos"},"schema":{"@context":"https:\/\/schema.org","@graph":[{"@type":"WebPage","@id":"https:\/\/www.watacc.nl\/accountant-in-landsmeer\/","url":"https:\/\/www.watacc.nl\/accountant-in-landsmeer\/","name":"Accountant in Landsmeer - Waterland Accountants &amp; Adviseurs","isPartOf":{"@id":"https:\/\/www.watacc.nl\/#website"},"datePublished":"2024-08-28T13:46:12+00:00","dateModified":"2024-09-23T14:24:21+00:00","description":"Zoek jij een accountant nabij Landsmeer? Is het weer tijd voor de jaarlijkse jaarrekening? Of heb je wat advies nodig voor je onderneming? Financi\u00eble administratie kan een enorme klus zijn. Wij bij Waterland Accountants kunnen je helpen! Bij ons kun je terecht voor allerlei vragen die te maken hebben met financi\u00ebn","breadcrumb":{"@id":"https:\/\/www.watacc.nl\/accountant-in-landsmeer\/#breadcrumb"},"inLanguage":"es","potentialAction":[{"@type":"ReadAction","target":["https:\/\/www.watacc.nl\/accountant-in-landsmeer\/"]}]},{"@type":"BreadcrumbList","@id":"https:\/\/www.watacc.nl\/accountant-in-landsmeer\/#breadcrumb","itemListElement":[{"@type":"ListItem","position":1,"name":"Home","item":"https:\/\/www.watacc.nl\/"},{"@type":"ListItem","position":2,"name":"Accountant in Landsmeer"}]},{"@type":"WebSite","@id":"https:\/\/www.watacc.nl\/#website","url":"https:\/\/www.watacc.nl\/","name":"Waterland Contables y Asesores","description":"Juntos funciona mejor.","publisher":{"@id":"https:\/\/www.watacc.nl\/#organization"},"potentialAction":[{"@type":"SearchAction","target":{"@type":"EntryPoint","urlTemplate":"https:\/\/www.watacc.nl\/?s={search_term_string}"},"query-input":{"@type":"PropertyValueSpecification","valueRequired":true,"valueName":"search_term_string"}}],"inLanguage":"es"},{"@type":"Organization","@id":"https:\/\/www.watacc.nl\/#organization","name":"Waterland Contables y Asesores","url":"https:\/\/www.watacc.nl\/","logo":{"@type":"ImageObject","inLanguage":"es","@id":"https:\/\/www.watacc.nl\/#\/schema\/logo\/image\/","url":"https:\/\/www.watacc.nl\/wp-content\/uploads\/2024\/08\/Waterland-accountants-adviseurs-logo-donker.png","contentUrl":"https:\/\/www.watacc.nl\/wp-content\/uploads\/2024\/08\/Waterland-accountants-adviseurs-logo-donker.png","width":600,"height":180,"caption":"Waterland Accountants & Adviseurs"},"image":{"@id":"https:\/\/www.watacc.nl\/#\/schema\/logo\/image\/"}}]}},"_links":{"self":[{"href":"https:\/\/www.watacc.nl\/es\/wp-json\/wp\/v2\/pages\/153","targetHints":{"allow":["GET"]}}],"collection":[{"href":"https:\/\/www.watacc.nl\/es\/wp-json\/wp\/v2\/pages"}],"about":[{"href":"https:\/\/www.watacc.nl\/es\/wp-json\/wp\/v2\/types\/page"}],"author":[{"embeddable":true,"href":"https:\/\/www.watacc.nl\/es\/wp-json\/wp\/v2\/users\/2"}],"replies":[{"embeddable":true,"href":"https:\/\/www.watacc.nl\/es\/wp-json\/wp\/v2\/comments?post=153"}],"version-history":[{"count":2,"href":"https:\/\/www.watacc.nl\/es\/wp-json\/wp\/v2\/pages\/153\/revisions"}],"predecessor-version":[{"id":155,"href":"https:\/\/www.watacc.nl\/es\/wp-json\/wp\/v2\/pages\/153\/revisions\/155"}],"wp:attachment":[{"href":"https:\/\/www.watacc.nl\/es\/wp-json\/wp\/v2\/media?parent=153"}],"curies":[{"name":"wp","href":"https:\/\/api.w.org\/{rel}","templated":true}]}}