{"id":150,"date":"2024-08-28T15:46:12","date_gmt":"2024-08-28T13:46:12","guid":{"rendered":"http:\/\/85.10.155.125\/~watacc\/?page_id=150"},"modified":"2024-09-25T13:51:38","modified_gmt":"2024-09-25T11:51:38","slug":"accountant-in-volendam","status":"publish","type":"page","link":"https:\/\/www.watacc.nl\/es\/accountant-in-volendam\/","title":{"rendered":"Contable en Volendam"},"content":{"rendered":"<div id=\"cs-content\" class=\"cs-content\"><div class=\"x-section e150-e1 m46-0 m46-1\"><div class=\"x-row e150-e2 m46-3 m46-4 m46-5\"><div class=\"x-row-inner\"><div class=\"x-col e150-e3 m46-8 m46-9\"><h1  class=\"h-custom-headline h3\" style=\"color: #006e78;margin-top:0px; margin-bottom:10px;\"><span>Contable en Volendam<\/span><\/h1><\/div><\/div><\/div><div class=\"x-row e150-e5 m46-3 m46-4 m46-6\"><div class=\"x-row-inner\"><div class=\"x-col e150-e6 m46-8 m46-9\"><div id=\"\" class=\"x-text\" style=\"\" ><p>\u00bfBusca un contable comprometido y fiable en Volendam? \u00bfUn profesional que se asegure de que tiene sus asuntos financieros en orden? Si es as\u00ed, nos gustar\u00eda ponernos en contacto con usted para hablar de lo que podemos hacer por usted. Nuestro motivado equipo de contables en la regi\u00f3n de Volendam est\u00e1 formado por una sofisticada mezcla de especialistas experimentados y j\u00f3venes y frescos. Todos han completado la formaci\u00f3n contable necesaria y est\u00e1n deseando ponerse a trabajar tambi\u00e9n para usted. Ll\u00e1menos o env\u00edenos un correo electr\u00f3nico hoy mismo sin ning\u00fan compromiso. Puede ponerse en contacto con nuestra empresa de contabilidad en Purmerend, cerca de Volendam, por tel\u00e9fono en el 0299 - 43 45 61 o por correo electr\u00f3nico en info@watacc.nl.<\/p>\n<\/div><a  class=\"x-btn x-btn-global\" style=\"margin-top:0px; margin-bottom:30px; text-shadow: none;\" href=\"#contact\"     data-options=\"thumbnail: ''\">P\u00f3ngase en contacto con nosotros<\/a><h1  class=\"h-custom-headline h4\" style=\"color: #006e78;margin-top:0px; margin-bottom:10px;\"><span>Benef\u00edciese de los conocimientos especializados<\/span><\/h1><div id=\"\" class=\"x-text\" style=\"\" ><p>Muchas empresas de contabilidad cuentan con un equipo de generalistas. Es decir, todas ellas emplean a contables cualificados que hacen exactamente lo que los empresarios de Volendam esperan de un contable: auditar las cuentas anuales y proporcionar informaci\u00f3n. Sin embargo, nosotros vamos m\u00e1s all\u00e1. Proporcionamos asesoramiento solicitado y no solicitado cuando se trata de organizaci\u00f3n administrativa, oportunidades fiscales y asuntos financieros en un sentido m\u00e1s general.<\/p>\n<p>Nuestros contables en la regi\u00f3n de Volendam tienen espacio para especializarse y profundizar en lo que les interesa. Por ejemplo, contamos con asesores que pueden contarle todo lo necesario para mejorar su planificaci\u00f3n financiera, hay especialistas en an\u00e1lisis de riesgos y nuestro coach empresarial le ayuda con cuestiones de gesti\u00f3n y marketing. Nuestros contables le ayudar\u00e1n a llevar su empresa de Volendam al siguiente nivel.<\/p>\n<\/div><h1  class=\"h-custom-headline h4\" style=\"color: #006e78;margin-top:0px; margin-bottom:10px;\"><span>Somos un equipo<\/span><\/h1><div id=\"\" class=\"x-text\" style=\"\" ><p>En nuestra empresa de contabilidad de la regi\u00f3n de Volendam, creemos que es importante que no piense en nosotros como el contable externo que comprueba las cifras una vez al a\u00f1o o una vez al trimestre y luego env\u00eda una factura. Nuestros contables se convierten en parte de su equipo y, por tanto, est\u00e1n siempre disponibles para cualquier pregunta. Y no: no tiene que preocuparse de que la factura llegue al d\u00eda siguiente por cualquier minucia.<\/p>\n<\/div><\/div><div class=\"x-col e150-e13 m46-8 m46-a\"><h1  class=\"h-custom-headline h5\" style=\"color: #006e78;margin-top:0px;  font-size: 105%;     line-height: 1.2;\"><span>Otras regiones:<\/span><\/h1><a class=\"x-anchor x-anchor-button e150-e15 m46-c\" tabindex=\"0\" href=\"#\"><div class=\"x-anchor-content\"><div class=\"x-anchor-text\"><span class=\"x-anchor-text-primary\">Zaandam<\/span><\/div><\/div><\/a><a class=\"x-anchor x-anchor-button e150-e16 m46-c\" tabindex=\"0\" href=\"#\"><div class=\"x-anchor-content\"><div class=\"x-anchor-text\"><span class=\"x-anchor-text-primary\">Purmerend<\/span><\/div><\/div><\/a><a class=\"x-anchor x-anchor-button e150-e17 m46-c\" tabindex=\"0\" href=\"#\"><div class=\"x-anchor-content\"><div class=\"x-anchor-text\"><span class=\"x-anchor-text-primary\">Bocina<\/span><\/div><\/div><\/a><a class=\"x-anchor x-anchor-button e150-e18 m46-c\" tabindex=\"0\" href=\"#\"><div class=\"x-anchor-content\"><div class=\"x-anchor-text\"><span class=\"x-anchor-text-primary\">Landsmeer<\/span><\/div><\/div><\/a><\/div><\/div><\/div><\/div><div class=\"x-section e150-e19 m46-1 m46-2\" id=\"contact\"><div class=\"x-bg\" aria-hidden=\"true\"><div class=\"x-bg-layer-lower-image\" data-x-element-bg-layer=\"{&quot;parallaxSize&quot;:&quot;150%&quot;,&quot;parallaxDir&quot;:&quot;v&quot;,&quot;parallaxRev&quot;:false}\" style=\" background-image: url(https:\/\/www.watacc.nl\/wp-content\/uploads\/2024\/08\/Achtergrond-test.jpg); background-repeat: no-repeat; background-position: center; background-size: cover;\"><\/div><\/div><div class=\"x-row e150-e20 m46-3 m46-4 m46-7\"><div class=\"x-row-inner\"><div class=\"x-col e150-e21 m46-8 m46-9 m46-b\"><h2  class=\"h-custom-headline h3\" style=\"color: hsl(0, 0%, 100%);margin-top:0px;\"><span><span style=\"color:#006f77;\">Cambiar ahora <\/span>en Volendam <span style=\"color:#006f77;\">\u00a1un contable!<span><\/span><\/h2><div id=\"\" class=\"x-text\" style=\"color:#fff;\" ><p>\u00bfSe pregunta qu\u00e9 pueden hacer nuestros contables por su empresa en Volendam? No dude en ponerse en contacto con nosotros. Utilice nuestro formulario de contacto, llame al 0299 - 43 45 61 o env\u00ede un correo electr\u00f3nico a info@watacc.nl. Elija tambi\u00e9n la empresa de contabilidad de la regi\u00f3n de Volendam que va m\u00e1s all\u00e1 de donde otros se detienen y benef\u00edciese de los conocimientos y la experiencia de nuestros especialistas.<\/p>\n<\/div><a  class=\"x-btn x-btn-global\" style=\"margin-top:20px; text-shadow: none;\" href=\"#\"     data-options=\"thumbnail: ''\">P\u00f3ngase en contacto con nosotros<\/a><\/div><div class=\"x-col x-hide-sm x-hide-xs e150-e25 m46-8 m46-9\"><img decoding=\"async\"  class=\"x-img x-img-none\" style=\"margin-top:-40px;\" src=\"https:\/\/www.watacc.nl\/wp-content\/uploads\/2024\/08\/Waterland-Accountants-Adviseurs-Notitie.png\" ><\/div><\/div><\/div><\/div><\/div>","protected":false},"excerpt":{"rendered":"<p>Accountant in VolendamOp zoek naar een betrokken en betrouwbare accountant in Volendam? Een professional die ervoor zorgt dat jij je financi\u00eble zaken op orde hebt? Wij komen in dat geval graag met je in contact om samen met jou te bespreken wat we voor je kunnen betekenen. Ons gemotiveerde team van accountants in de regio Volendam bestaat uit een uitgekiende &#8230; <\/p>\n<div><a href=\"https:\/\/www.watacc.nl\/es\/accountant-in-volendam\/\" class=\"more-link\">Seguir leyendo<\/a><\/div>","protected":false},"author":2,"featured_media":0,"parent":0,"menu_order":0,"comment_status":"closed","ping_status":"closed","template":"template-blank-4.php","meta":{"rs_blank_template":"","rs_page_bg_color":"","slide_template_v7":"","footnotes":""},"class_list":["post-150","page","type-page","status-publish","hentry","no-post-thumbnail"],"yoast_head":"<!-- This site is optimized with the Yoast SEO plugin v27.6 - https:\/\/yoast.com\/product\/yoast-seo-wordpress\/ -->\n<title>Accountant in Volendam - Waterland Accountants &amp; Adviseurs<\/title>\n<meta name=\"description\" content=\"Op zoek naar een betrokken en betrouwbare accountant in Volendam? Wij komen in dat geval graag met je in contact om samen met jou te bespreken wat we voor je kunnen betekenen.\" \/>\n<meta name=\"robots\" content=\"index, follow, max-snippet:-1, max-image-preview:large, max-video-preview:-1\" \/>\n<link rel=\"canonical\" href=\"https:\/\/www.watacc.nl\/es\/accountant-in-volendam\/\" \/>\n<meta property=\"og:locale\" content=\"es_ES\" \/>\n<meta property=\"og:type\" content=\"article\" \/>\n<meta property=\"og:title\" content=\"Accountant in Volendam - Waterland Accountants &amp; Adviseurs\" \/>\n<meta property=\"og:description\" content=\"Op zoek naar een betrokken en betrouwbare accountant in Volendam? Wij komen in dat geval graag met je in contact om samen met jou te bespreken wat we voor je kunnen betekenen.\" \/>\n<meta property=\"og:url\" content=\"https:\/\/www.watacc.nl\/es\/accountant-in-volendam\/\" \/>\n<meta property=\"og:site_name\" content=\"Waterland Accountants &amp; Adviseurs\" \/>\n<meta property=\"article:modified_time\" content=\"2024-09-25T11:51:38+00:00\" \/>\n<meta name=\"twitter:card\" content=\"summary_large_image\" \/>\n<meta name=\"twitter:label1\" content=\"Tiempo de lectura\" \/>\n\t<meta name=\"twitter:data1\" content=\"5 minutos\" \/>\n<script type=\"application\/ld+json\" class=\"yoast-schema-graph\">{\"@context\":\"https:\\\/\\\/schema.org\",\"@graph\":[{\"@type\":\"WebPage\",\"@id\":\"https:\\\/\\\/www.watacc.nl\\\/accountant-in-volendam\\\/\",\"url\":\"https:\\\/\\\/www.watacc.nl\\\/accountant-in-volendam\\\/\",\"name\":\"Accountant in Volendam - Waterland Accountants &amp; Adviseurs\",\"isPartOf\":{\"@id\":\"https:\\\/\\\/www.watacc.nl\\\/#website\"},\"datePublished\":\"2024-08-28T13:46:12+00:00\",\"dateModified\":\"2024-09-25T11:51:38+00:00\",\"description\":\"Op zoek naar een betrokken en betrouwbare accountant in Volendam? Wij komen in dat geval graag met je in contact om samen met jou te bespreken wat we voor je kunnen betekenen.\",\"breadcrumb\":{\"@id\":\"https:\\\/\\\/www.watacc.nl\\\/accountant-in-volendam\\\/#breadcrumb\"},\"inLanguage\":\"es\",\"potentialAction\":[{\"@type\":\"ReadAction\",\"target\":[\"https:\\\/\\\/www.watacc.nl\\\/accountant-in-volendam\\\/\"]}]},{\"@type\":\"BreadcrumbList\",\"@id\":\"https:\\\/\\\/www.watacc.nl\\\/accountant-in-volendam\\\/#breadcrumb\",\"itemListElement\":[{\"@type\":\"ListItem\",\"position\":1,\"name\":\"Home\",\"item\":\"https:\\\/\\\/www.watacc.nl\\\/\"},{\"@type\":\"ListItem\",\"position\":2,\"name\":\"Accountant in Volendam\"}]},{\"@type\":\"WebSite\",\"@id\":\"https:\\\/\\\/www.watacc.nl\\\/#website\",\"url\":\"https:\\\/\\\/www.watacc.nl\\\/\",\"name\":\"Waterland Accountants & Adviseurs\",\"description\":\"Samen werkt beter!\",\"publisher\":{\"@id\":\"https:\\\/\\\/www.watacc.nl\\\/#organization\"},\"potentialAction\":[{\"@type\":\"SearchAction\",\"target\":{\"@type\":\"EntryPoint\",\"urlTemplate\":\"https:\\\/\\\/www.watacc.nl\\\/?s={search_term_string}\"},\"query-input\":{\"@type\":\"PropertyValueSpecification\",\"valueRequired\":true,\"valueName\":\"search_term_string\"}}],\"inLanguage\":\"es\"},{\"@type\":\"Organization\",\"@id\":\"https:\\\/\\\/www.watacc.nl\\\/#organization\",\"name\":\"Waterland Accountants & Adviseurs\",\"url\":\"https:\\\/\\\/www.watacc.nl\\\/\",\"logo\":{\"@type\":\"ImageObject\",\"inLanguage\":\"es\",\"@id\":\"https:\\\/\\\/www.watacc.nl\\\/#\\\/schema\\\/logo\\\/image\\\/\",\"url\":\"https:\\\/\\\/www.watacc.nl\\\/wp-content\\\/uploads\\\/2024\\\/08\\\/Waterland-accountants-adviseurs-logo-donker.png\",\"contentUrl\":\"https:\\\/\\\/www.watacc.nl\\\/wp-content\\\/uploads\\\/2024\\\/08\\\/Waterland-accountants-adviseurs-logo-donker.png\",\"width\":600,\"height\":180,\"caption\":\"Waterland Accountants & Adviseurs\"},\"image\":{\"@id\":\"https:\\\/\\\/www.watacc.nl\\\/#\\\/schema\\\/logo\\\/image\\\/\"}}]}<\/script>\n<!-- \/ Yoast SEO plugin. -->","yoast_head_json":{"title":"Accountant in Volendam - Waterland Accountants &amp; Adviseurs","description":"Op zoek naar een betrokken en betrouwbare accountant in Volendam? Wij komen in dat geval graag met je in contact om samen met jou te bespreken wat we voor je kunnen betekenen.","robots":{"index":"index","follow":"follow","max-snippet":"max-snippet:-1","max-image-preview":"max-image-preview:large","max-video-preview":"max-video-preview:-1"},"canonical":"https:\/\/www.watacc.nl\/es\/accountant-in-volendam\/","og_locale":"es_ES","og_type":"article","og_title":"Accountant in Volendam - Waterland Accountants &amp; Adviseurs","og_description":"Op zoek naar een betrokken en betrouwbare accountant in Volendam? Wij komen in dat geval graag met je in contact om samen met jou te bespreken wat we voor je kunnen betekenen.","og_url":"https:\/\/www.watacc.nl\/es\/accountant-in-volendam\/","og_site_name":"Waterland Accountants &amp; Adviseurs","article_modified_time":"2024-09-25T11:51:38+00:00","twitter_card":"summary_large_image","twitter_misc":{"Tiempo de lectura":"5 minutos"},"schema":{"@context":"https:\/\/schema.org","@graph":[{"@type":"WebPage","@id":"https:\/\/www.watacc.nl\/accountant-in-volendam\/","url":"https:\/\/www.watacc.nl\/accountant-in-volendam\/","name":"Accountant in Volendam - Waterland Accountants &amp; Adviseurs","isPartOf":{"@id":"https:\/\/www.watacc.nl\/#website"},"datePublished":"2024-08-28T13:46:12+00:00","dateModified":"2024-09-25T11:51:38+00:00","description":"Op zoek naar een betrokken en betrouwbare accountant in Volendam? Wij komen in dat geval graag met je in contact om samen met jou te bespreken wat we voor je kunnen betekenen.","breadcrumb":{"@id":"https:\/\/www.watacc.nl\/accountant-in-volendam\/#breadcrumb"},"inLanguage":"es","potentialAction":[{"@type":"ReadAction","target":["https:\/\/www.watacc.nl\/accountant-in-volendam\/"]}]},{"@type":"BreadcrumbList","@id":"https:\/\/www.watacc.nl\/accountant-in-volendam\/#breadcrumb","itemListElement":[{"@type":"ListItem","position":1,"name":"Home","item":"https:\/\/www.watacc.nl\/"},{"@type":"ListItem","position":2,"name":"Accountant in Volendam"}]},{"@type":"WebSite","@id":"https:\/\/www.watacc.nl\/#website","url":"https:\/\/www.watacc.nl\/","name":"Waterland Contables y Asesores","description":"Juntos funciona mejor.","publisher":{"@id":"https:\/\/www.watacc.nl\/#organization"},"potentialAction":[{"@type":"SearchAction","target":{"@type":"EntryPoint","urlTemplate":"https:\/\/www.watacc.nl\/?s={search_term_string}"},"query-input":{"@type":"PropertyValueSpecification","valueRequired":true,"valueName":"search_term_string"}}],"inLanguage":"es"},{"@type":"Organization","@id":"https:\/\/www.watacc.nl\/#organization","name":"Waterland Contables y Asesores","url":"https:\/\/www.watacc.nl\/","logo":{"@type":"ImageObject","inLanguage":"es","@id":"https:\/\/www.watacc.nl\/#\/schema\/logo\/image\/","url":"https:\/\/www.watacc.nl\/wp-content\/uploads\/2024\/08\/Waterland-accountants-adviseurs-logo-donker.png","contentUrl":"https:\/\/www.watacc.nl\/wp-content\/uploads\/2024\/08\/Waterland-accountants-adviseurs-logo-donker.png","width":600,"height":180,"caption":"Waterland Accountants & Adviseurs"},"image":{"@id":"https:\/\/www.watacc.nl\/#\/schema\/logo\/image\/"}}]}},"_links":{"self":[{"href":"https:\/\/www.watacc.nl\/es\/wp-json\/wp\/v2\/pages\/150","targetHints":{"allow":["GET"]}}],"collection":[{"href":"https:\/\/www.watacc.nl\/es\/wp-json\/wp\/v2\/pages"}],"about":[{"href":"https:\/\/www.watacc.nl\/es\/wp-json\/wp\/v2\/types\/page"}],"author":[{"embeddable":true,"href":"https:\/\/www.watacc.nl\/es\/wp-json\/wp\/v2\/users\/2"}],"replies":[{"embeddable":true,"href":"https:\/\/www.watacc.nl\/es\/wp-json\/wp\/v2\/comments?post=150"}],"version-history":[{"count":2,"href":"https:\/\/www.watacc.nl\/es\/wp-json\/wp\/v2\/pages\/150\/revisions"}],"predecessor-version":[{"id":152,"href":"https:\/\/www.watacc.nl\/es\/wp-json\/wp\/v2\/pages\/150\/revisions\/152"}],"wp:attachment":[{"href":"https:\/\/www.watacc.nl\/es\/wp-json\/wp\/v2\/media?parent=150"}],"curies":[{"name":"wp","href":"https:\/\/api.w.org\/{rel}","templated":true}]}}